{"id":928,"date":"2025-07-22T07:30:01","date_gmt":"2025-07-22T07:30:01","guid":{"rendered":"https:\/\/techmagis.com\/?post_type=product&#038;p=928"},"modified":"2025-07-22T07:30:01","modified_gmt":"2025-07-22T07:30:01","slug":"7c-borehole-well-inspection-camera","status":"publish","type":"product","link":"https:\/\/techmagis.com\/es\/producto\/7c-borehole-well-inspection-camera\/","title":{"rendered":"7C-C\u00e1mara de inspecci\u00f3n de pozos"},"content":{"rendered":"<p><strong>Par\u00e1metros t\u00e9cnicos<\/strong><\/p>\n<table>\n<tbody>\n<tr>\n<td width=\"267\"><strong>Especificaciones del producto<\/strong><\/td>\n<td width=\"902\"><strong>Detalles<\/strong><\/td>\n<\/tr>\n<tr>\n<td width=\"267\"><strong>Tama\u00f1o de la pantalla<\/strong><\/td>\n<td width=\"902\"><strong>7&#8221;<\/strong><\/td>\n<\/tr>\n<tr>\n<td width=\"267\"><strong>Resoluci\u00f3n de pantalla<\/strong><\/td>\n<td width=\"902\"><strong>800\u00d7480<\/strong><\/td>\n<\/tr>\n<tr>\n<td width=\"267\"><strong>Tarjeta de almacenamiento<\/strong><\/td>\n<td width=\"902\"><strong>M\u00e1ximo 16G<\/strong><\/td>\n<\/tr>\n<tr>\n<td width=\"267\"><strong>Longitud del cable<\/strong><\/td>\n<td width=\"902\"><strong>50 M<\/strong><\/td>\n<\/tr>\n<tr>\n<td width=\"267\"><strong>Di\u00e1metro del cable<\/strong><\/td>\n<td width=\"902\"><strong>5,5 MM<\/strong><\/td>\n<\/tr>\n<tr>\n<td width=\"267\"><strong>Colores de los cables<\/strong><\/td>\n<td width=\"902\"><strong>Negro<\/strong><\/td>\n<\/tr>\n<tr>\n<td width=\"267\"><strong>Materiales para cables<\/strong><\/td>\n<td width=\"902\"><strong>Cable de tracci\u00f3n de alta resistencia<\/strong><\/td>\n<\/tr>\n<tr>\n<td width=\"267\"><strong>Autonivelante<\/strong><\/td>\n<td width=\"902\"><strong>Ninguno<\/strong><\/td>\n<\/tr>\n<tr>\n<td width=\"267\"><strong>Capacidad de la bater\u00eda<\/strong><\/td>\n<td width=\"902\"><strong>7000 mAh<\/strong><\/td>\n<\/tr>\n<tr>\n<td width=\"267\"><strong>Contador<\/strong><\/td>\n<td width=\"902\"><strong>Ninguno<\/strong><\/td>\n<\/tr>\n<tr>\n<td width=\"267\"><strong>Luces LED<\/strong><\/td>\n<td width=\"902\"><strong>12pcs Luces Blancas o Infrarrojas<\/strong><\/td>\n<\/tr>\n<tr>\n<td width=\"267\"><strong>\u00c1ngulo de visi\u00f3n de la c\u00e1mara<\/strong><\/td>\n<td width=\"902\"><strong>Rotaci\u00f3n horizontal de 360\u00b0 con visualizaci\u00f3n OSD<\/strong><\/td>\n<\/tr>\n<tr>\n<td width=\"267\"><strong>Tama\u00f1o del cabezal de la c\u00e1mara<\/strong><\/td>\n<td width=\"902\"><strong>135 mm \u00d7 85 mm<\/strong><\/td>\n<\/tr>\n<tr>\n<td width=\"267\"><strong>Material de la lente de la c\u00e1mara<\/strong><\/td>\n<td width=\"902\"><strong>Cristal templado<\/strong><\/td>\n<\/tr>\n<tr>\n<td width=\"267\"><strong>Resoluci\u00f3n de la c\u00e1mara<\/strong><\/td>\n<td width=\"902\"><strong>600TVL<\/strong><\/td>\n<\/tr>\n<tr>\n<td width=\"267\"><strong>Funci\u00f3n DVR<\/strong><\/td>\n<td width=\"902\"><strong>Ninguno<\/strong><\/td>\n<\/tr>\n<tr>\n<td width=\"267\"><strong>Formato de salida<\/strong><\/td>\n<td width=\"902\"><strong>AVI\u3001JPG<\/strong><\/td>\n<\/tr>\n<tr>\n<td width=\"267\"><strong>Impermeable<\/strong><\/td>\n<td width=\"902\"><strong>IP68<\/strong><\/td>\n<\/tr>\n<tr>\n<td width=\"267\"><strong>Temperatura de trabajo<\/strong><\/td>\n<td width=\"902\"><strong>-20\u00b0C ~ 60\u00b0C<\/strong><\/td>\n<\/tr>\n<\/tbody>\n<\/table>","protected":false},"excerpt":{"rendered":"<p><strong>C\u00e1mara de inspecci\u00f3n de pozos de sondeo, pantalla de 7 pulgadas, c\u00e1mara 600TVL 135*85mm.<\/strong><\/p>\n<p><strong>Modelo N\u00ba: TH110-7C<\/strong><\/p>\n<p><strong>C\u00e1mara de inspecci\u00f3n de pozos de sondeo, pantalla de 7 pulgadas, c\u00e1mara de 600TVL 135*85mm, cristal templado Material de la lente de la c\u00e1mara.<\/strong><\/p>\n<p><strong>Rotaci\u00f3n horizontal de 360\u00b0 con visualizaci\u00f3n OSD \u00c1ngulo de la c\u00e1mara<\/strong><\/p>","protected":false},"featured_media":929,"comment_status":"open","ping_status":"closed","template":"","meta":{"site-sidebar-layout":"default","site-content-layout":"","ast-site-content-layout":"default","site-content-style":"default","site-sidebar-style":"default","ast-global-header-display":"","ast-banner-title-visibility":"","ast-main-header-display":"","ast-hfb-above-header-display":"","ast-hfb-below-header-display":"","ast-hfb-mobile-header-display":"","site-post-title":"","ast-breadcrumbs-content":"","ast-featured-img":"","footer-sml-layout":"","theme-transparent-header-meta":"default","adv-header-id-meta":"","stick-header-meta":"","header-above-stick-meta":"","header-main-stick-meta":"","header-below-stick-meta":"","astra-migrate-meta-layouts":"set","ast-page-background-enabled":"default","ast-page-background-meta":{"desktop":{"background-color":"var(--ast-global-color-4)","background-image":"","background-repeat":"repeat","background-position":"center center","background-size":"auto","background-attachment":"scroll","background-type":"","background-media":"","overlay-type":"","overlay-color":"","overlay-opacity":"","overlay-gradient":""},"tablet":{"background-color":"","background-image":"","background-repeat":"repeat","background-position":"center center","background-size":"auto","background-attachment":"scroll","background-type":"","background-media":"","overlay-type":"","overlay-color":"","overlay-opacity":"","overlay-gradient":""},"mobile":{"background-color":"","background-image":"","background-repeat":"repeat","background-position":"center center","background-size":"auto","background-attachment":"scroll","background-type":"","background-media":"","overlay-type":"","overlay-color":"","overlay-opacity":"","overlay-gradient":""}},"ast-content-background-meta":{"desktop":{"background-color":"var(--ast-global-color-5)","background-image":"","background-repeat":"repeat","background-position":"center center","background-size":"auto","background-attachment":"scroll","background-type":"","background-media":"","overlay-type":"","overlay-color":"","overlay-opacity":"","overlay-gradient":""},"tablet":{"background-color":"var(--ast-global-color-5)","background-image":"","background-repeat":"repeat","background-position":"center center","background-size":"auto","background-attachment":"scroll","background-type":"","background-media":"","overlay-type":"","overlay-color":"","overlay-opacity":"","overlay-gradient":""},"mobile":{"background-color":"var(--ast-global-color-5)","background-image":"","background-repeat":"repeat","background-position":"center center","background-size":"auto","background-attachment":"scroll","background-type":"","background-media":"","overlay-type":"","overlay-color":"","overlay-opacity":"","overlay-gradient":""}}},"product_brand":[],"product_cat":[46],"product_tag":[],"class_list":{"0":"post-928","1":"product","2":"type-product","3":"status-publish","4":"has-post-thumbnail","6":"product_cat-borehole-inspection-camera","7":"desktop-align-center","8":"tablet-align-center","9":"mobile-align-center","11":"first","12":"instock","13":"shipping-taxable","14":"product-type-simple"},"_links":{"self":[{"href":"https:\/\/techmagis.com\/es\/wp-json\/wp\/v2\/product\/928","targetHints":{"allow":["GET"]}}],"collection":[{"href":"https:\/\/techmagis.com\/es\/wp-json\/wp\/v2\/product"}],"about":[{"href":"https:\/\/techmagis.com\/es\/wp-json\/wp\/v2\/types\/product"}],"replies":[{"embeddable":true,"href":"https:\/\/techmagis.com\/es\/wp-json\/wp\/v2\/comments?post=928"}],"wp:featuredmedia":[{"embeddable":true,"href":"https:\/\/techmagis.com\/es\/wp-json\/wp\/v2\/media\/929"}],"wp:attachment":[{"href":"https:\/\/techmagis.com\/es\/wp-json\/wp\/v2\/media?parent=928"}],"wp:term":[{"taxonomy":"product_brand","embeddable":true,"href":"https:\/\/techmagis.com\/es\/wp-json\/wp\/v2\/product_brand?post=928"},{"taxonomy":"product_cat","embeddable":true,"href":"https:\/\/techmagis.com\/es\/wp-json\/wp\/v2\/product_cat?post=928"},{"taxonomy":"product_tag","embeddable":true,"href":"https:\/\/techmagis.com\/es\/wp-json\/wp\/v2\/product_tag?post=928"}],"curies":[{"name":"wp","href":"https:\/\/api.w.org\/{rel}","templated":true}]}}