{"id":914,"date":"2025-07-22T07:22:03","date_gmt":"2025-07-22T07:22:03","guid":{"rendered":"https:\/\/techmagis.com\/?post_type=product&#038;p=914"},"modified":"2025-07-22T07:22:03","modified_gmt":"2025-07-22T07:22:03","slug":"12dw1-jv02-waterproof-deep-water-detector","status":"publish","type":"product","link":"https:\/\/techmagis.com\/es\/producto\/12dw1-jv02-waterproof-deep-water-detector\/","title":{"rendered":"12DW1-JV02-Detector estanco de aguas profundas"},"content":{"rendered":"<p><strong>Par\u00e1metros t\u00e9cnicos<\/strong><\/p>\n<table>\n<tbody>\n<tr>\n<td width=\"169\"><strong>Tama\u00f1o de la c\u00e1mara<\/strong><\/td>\n<td width=\"1000\"><strong>\u03a650*450mm<\/strong><\/td>\n<\/tr>\n<tr>\n<td width=\"169\"><strong>Material<\/strong><\/td>\n<td width=\"1000\"><strong>Aleaci\u00f3n de aluminio de alta resistencia + cristal templado<\/strong><\/td>\n<\/tr>\n<tr>\n<td width=\"169\"><strong>P\u00edxel de la c\u00e1mara<\/strong><\/td>\n<td width=\"1000\"><strong>2MP<\/strong><\/td>\n<\/tr>\n<tr>\n<td width=\"169\"><strong>Nivel de impermeabilidad<\/strong><\/td>\n<td width=\"1000\"><strong>IP68<\/strong><\/td>\n<\/tr>\n<tr>\n<td width=\"169\"><strong>\u00c1ngulo de visi\u00f3n<\/strong><\/td>\n<td width=\"1000\"><strong>Panor\u00e1mica de 360<\/strong><\/td>\n<\/tr>\n<tr>\n<td width=\"169\"><strong>Pantalla<\/strong><\/td>\n<td width=\"1000\"><strong>Pantalla HD en color de 12<\/strong><\/td>\n<\/tr>\n<tr>\n<td width=\"169\"><strong>Sistema DVR<\/strong><\/td>\n<td width=\"1000\"><strong>Formato de v\u00eddeo MP4<\/strong><\/td>\n<\/tr>\n<tr>\n<td width=\"169\"><strong>Resoluci\u00f3n<\/strong><\/td>\n<td width=\"1000\"><strong>1920\u00d71080P<\/strong><\/td>\n<\/tr>\n<tr>\n<td width=\"169\"><strong>Almacenamiento<\/strong><\/td>\n<td width=\"1000\"><strong>Tarjeta TF est\u00e1ndar de 8 GB<\/strong><\/td>\n<\/tr>\n<tr>\n<td width=\"169\"><strong>Bater\u00eda<\/strong><\/td>\n<td width=\"1000\"><strong>Bater\u00eda de iones de litio de 10000 mAh integrada<\/strong><\/td>\n<\/tr>\n<tr>\n<td width=\"169\"><strong>Tiempo de trabajo continuo<\/strong><\/td>\n<td width=\"1000\"><strong>6-8 horas<\/strong><\/td>\n<\/tr>\n<\/tbody>\n<\/table>","protected":false},"excerpt":{"rendered":"<p><strong>Detector impermeable de aguas profundas, C\u00e1mara impermeable, Detector de agua de perforaci\u00f3n.<\/strong><\/p>\n<p><strong>Modelo N\u00ba: TH110-12DW1-JV02<\/strong><\/p>\n<p><strong>C\u00e1mara HD impermeable para tuber\u00edas de agua 200m C\u00e1mara de v\u00eddeo subacu\u00e1tica para inspecci\u00f3n. C\u00e1mara de pozo, C\u00e1mara de pozo de agua.<\/strong><\/p>\n<p><strong>Incluso en el pozo profundo, todo est\u00e1 bajo control.<\/strong><\/p>","protected":false},"featured_media":915,"comment_status":"open","ping_status":"closed","template":"","meta":{"site-sidebar-layout":"default","site-content-layout":"","ast-site-content-layout":"default","site-content-style":"default","site-sidebar-style":"default","ast-global-header-display":"","ast-banner-title-visibility":"","ast-main-header-display":"","ast-hfb-above-header-display":"","ast-hfb-below-header-display":"","ast-hfb-mobile-header-display":"","site-post-title":"","ast-breadcrumbs-content":"","ast-featured-img":"","footer-sml-layout":"","theme-transparent-header-meta":"default","adv-header-id-meta":"","stick-header-meta":"","header-above-stick-meta":"","header-main-stick-meta":"","header-below-stick-meta":"","astra-migrate-meta-layouts":"set","ast-page-background-enabled":"default","ast-page-background-meta":{"desktop":{"background-color":"var(--ast-global-color-4)","background-image":"","background-repeat":"repeat","background-position":"center center","background-size":"auto","background-attachment":"scroll","background-type":"","background-media":"","overlay-type":"","overlay-color":"","overlay-opacity":"","overlay-gradient":""},"tablet":{"background-color":"","background-image":"","background-repeat":"repeat","background-position":"center center","background-size":"auto","background-attachment":"scroll","background-type":"","background-media":"","overlay-type":"","overlay-color":"","overlay-opacity":"","overlay-gradient":""},"mobile":{"background-color":"","background-image":"","background-repeat":"repeat","background-position":"center center","background-size":"auto","background-attachment":"scroll","background-type":"","background-media":"","overlay-type":"","overlay-color":"","overlay-opacity":"","overlay-gradient":""}},"ast-content-background-meta":{"desktop":{"background-color":"var(--ast-global-color-5)","background-image":"","background-repeat":"repeat","background-position":"center center","background-size":"auto","background-attachment":"scroll","background-type":"","background-media":"","overlay-type":"","overlay-color":"","overlay-opacity":"","overlay-gradient":""},"tablet":{"background-color":"var(--ast-global-color-5)","background-image":"","background-repeat":"repeat","background-position":"center center","background-size":"auto","background-attachment":"scroll","background-type":"","background-media":"","overlay-type":"","overlay-color":"","overlay-opacity":"","overlay-gradient":""},"mobile":{"background-color":"var(--ast-global-color-5)","background-image":"","background-repeat":"repeat","background-position":"center center","background-size":"auto","background-attachment":"scroll","background-type":"","background-media":"","overlay-type":"","overlay-color":"","overlay-opacity":"","overlay-gradient":""}}},"product_brand":[],"product_cat":[46],"product_tag":[],"class_list":{"0":"post-914","1":"product","2":"type-product","3":"status-publish","4":"has-post-thumbnail","6":"product_cat-borehole-inspection-camera","7":"desktop-align-center","8":"tablet-align-center","9":"mobile-align-center","11":"first","12":"instock","13":"shipping-taxable","14":"product-type-simple"},"_links":{"self":[{"href":"https:\/\/techmagis.com\/es\/wp-json\/wp\/v2\/product\/914","targetHints":{"allow":["GET"]}}],"collection":[{"href":"https:\/\/techmagis.com\/es\/wp-json\/wp\/v2\/product"}],"about":[{"href":"https:\/\/techmagis.com\/es\/wp-json\/wp\/v2\/types\/product"}],"replies":[{"embeddable":true,"href":"https:\/\/techmagis.com\/es\/wp-json\/wp\/v2\/comments?post=914"}],"wp:featuredmedia":[{"embeddable":true,"href":"https:\/\/techmagis.com\/es\/wp-json\/wp\/v2\/media\/915"}],"wp:attachment":[{"href":"https:\/\/techmagis.com\/es\/wp-json\/wp\/v2\/media?parent=914"}],"wp:term":[{"taxonomy":"product_brand","embeddable":true,"href":"https:\/\/techmagis.com\/es\/wp-json\/wp\/v2\/product_brand?post=914"},{"taxonomy":"product_cat","embeddable":true,"href":"https:\/\/techmagis.com\/es\/wp-json\/wp\/v2\/product_cat?post=914"},{"taxonomy":"product_tag","embeddable":true,"href":"https:\/\/techmagis.com\/es\/wp-json\/wp\/v2\/product_tag?post=914"}],"curies":[{"name":"wp","href":"https:\/\/api.w.org\/{rel}","templated":true}]}}