{"id":906,"date":"2025-07-22T07:18:41","date_gmt":"2025-07-22T07:18:41","guid":{"rendered":"https:\/\/techmagis.com\/?post_type=product&#038;p=906"},"modified":"2025-07-22T07:18:41","modified_gmt":"2025-07-22T07:18:41","slug":"10wv1p-bk-borehole-well-inspection-camera","status":"publish","type":"product","link":"https:\/\/techmagis.com\/es\/producto\/10wv1p-bk-borehole-well-inspection-camera\/","title":{"rendered":"10WV1P-BK-C\u00e1mara de inspecci\u00f3n de pozos de sondeo"},"content":{"rendered":"<p><strong><b>Par\u00e1metros t\u00e9cnicos<\/b><\/strong><\/p>\n<table>\n<tbody>\n<tr>\n<td width=\"271\">Art\u00edculo<\/td>\n<td width=\"898\">C\u00e1mara de inspecci\u00f3n de pozos de sondeo<\/td>\n<\/tr>\n<tr>\n<td width=\"271\">Transmisor 512HZ<\/td>\n<td width=\"898\">Ninguno<\/td>\n<\/tr>\n<tr>\n<td width=\"271\">Localizador 512HZ<\/td>\n<td width=\"898\">Ninguno<\/td>\n<\/tr>\n<tr>\n<td width=\"271\"><strong><b>Exposici\u00f3n y almacenamiento<\/b><\/strong><\/td>\n<td width=\"898\">&nbsp;<\/td>\n<\/tr>\n<tr>\n<td width=\"271\">Tama\u00f1o de la pantalla<\/td>\n<td width=\"898\">Pantalla LCD HD de 10<\/td>\n<\/tr>\n<tr>\n<td width=\"271\">Resoluci\u00f3n de pantalla<\/td>\n<td width=\"898\">1024\u00d7600 Resoluci\u00f3n de visualizaci\u00f3n completa<\/td>\n<\/tr>\n<tr>\n<td width=\"271\">Tarjeta de almacenamiento<\/td>\n<td width=\"898\">M\u00e1ximo 128G<\/td>\n<\/tr>\n<tr>\n<td width=\"271\">Formato de salida<\/td>\n<td width=\"898\">AVI\u3001JPG<\/td>\n<\/tr>\n<tr>\n<td width=\"271\"><strong><b>Sistema de cable<\/b><\/strong><\/td>\n<td width=\"898\">&nbsp;<\/td>\n<\/tr>\n<tr>\n<td width=\"271\">Longitud del cable\/metros<\/td>\n<td width=\"898\">100 m<\/td>\n<\/tr>\n<tr>\n<td width=\"271\">Di\u00e1metro del cable\/mm<\/td>\n<td width=\"898\">6 mm<\/td>\n<\/tr>\n<tr>\n<td width=\"271\">Materiales para cables<\/td>\n<td width=\"898\">Cable de tracci\u00f3n de alta resistencia<\/td>\n<\/tr>\n<tr>\n<td width=\"271\">Colores de los cables<\/td>\n<td width=\"898\">Negro<\/td>\n<\/tr>\n<\/tbody>\n<\/table>","protected":false},"excerpt":{"rendered":"<p>C\u00e1mara de inspecci\u00f3n de pozos, pantalla en color de 10\", 2 megap\u00edxeles Resoluci\u00f3n de la c\u00e1mara.<\/p>\n<p><strong><b>Modelo No:<\/b><\/strong> TH110-10WV1P-BK<\/p>\n<p>Pantalla en color de 10\", tama\u00f1o del cabezal de la c\u00e1mara, 40 mm*125 mm<\/p>\n<p>Aleaci\u00f3n de aluminio oxidado de alta resistencia Material de la lente de la c\u00e1mara<\/p>\n<p>2 Megap\u00edxeles Resoluci\u00f3n de la c\u00e1mara<\/p>\n<p>\u00c1ngel de visi\u00f3n, Horizontal 360\u00b0 Vertical 180\u00b0 ampliable, \u00e1ngulo de visi\u00f3n 60\u00b0.<\/p>","protected":false},"featured_media":907,"comment_status":"open","ping_status":"closed","template":"","meta":{"site-sidebar-layout":"default","site-content-layout":"","ast-site-content-layout":"default","site-content-style":"default","site-sidebar-style":"default","ast-global-header-display":"","ast-banner-title-visibility":"","ast-main-header-display":"","ast-hfb-above-header-display":"","ast-hfb-below-header-display":"","ast-hfb-mobile-header-display":"","site-post-title":"","ast-breadcrumbs-content":"","ast-featured-img":"","footer-sml-layout":"","theme-transparent-header-meta":"default","adv-header-id-meta":"","stick-header-meta":"","header-above-stick-meta":"","header-main-stick-meta":"","header-below-stick-meta":"","astra-migrate-meta-layouts":"set","ast-page-background-enabled":"default","ast-page-background-meta":{"desktop":{"background-color":"var(--ast-global-color-4)","background-image":"","background-repeat":"repeat","background-position":"center center","background-size":"auto","background-attachment":"scroll","background-type":"","background-media":"","overlay-type":"","overlay-color":"","overlay-opacity":"","overlay-gradient":""},"tablet":{"background-color":"","background-image":"","background-repeat":"repeat","background-position":"center center","background-size":"auto","background-attachment":"scroll","background-type":"","background-media":"","overlay-type":"","overlay-color":"","overlay-opacity":"","overlay-gradient":""},"mobile":{"background-color":"","background-image":"","background-repeat":"repeat","background-position":"center center","background-size":"auto","background-attachment":"scroll","background-type":"","background-media":"","overlay-type":"","overlay-color":"","overlay-opacity":"","overlay-gradient":""}},"ast-content-background-meta":{"desktop":{"background-color":"var(--ast-global-color-5)","background-image":"","background-repeat":"repeat","background-position":"center center","background-size":"auto","background-attachment":"scroll","background-type":"","background-media":"","overlay-type":"","overlay-color":"","overlay-opacity":"","overlay-gradient":""},"tablet":{"background-color":"var(--ast-global-color-5)","background-image":"","background-repeat":"repeat","background-position":"center center","background-size":"auto","background-attachment":"scroll","background-type":"","background-media":"","overlay-type":"","overlay-color":"","overlay-opacity":"","overlay-gradient":""},"mobile":{"background-color":"var(--ast-global-color-5)","background-image":"","background-repeat":"repeat","background-position":"center center","background-size":"auto","background-attachment":"scroll","background-type":"","background-media":"","overlay-type":"","overlay-color":"","overlay-opacity":"","overlay-gradient":""}}},"product_brand":[],"product_cat":[46],"product_tag":[],"class_list":{"0":"post-906","1":"product","2":"type-product","3":"status-publish","4":"has-post-thumbnail","6":"product_cat-borehole-inspection-camera","7":"desktop-align-center","8":"tablet-align-center","9":"mobile-align-center","11":"first","12":"instock","13":"shipping-taxable","14":"product-type-simple"},"_links":{"self":[{"href":"https:\/\/techmagis.com\/es\/wp-json\/wp\/v2\/product\/906","targetHints":{"allow":["GET"]}}],"collection":[{"href":"https:\/\/techmagis.com\/es\/wp-json\/wp\/v2\/product"}],"about":[{"href":"https:\/\/techmagis.com\/es\/wp-json\/wp\/v2\/types\/product"}],"replies":[{"embeddable":true,"href":"https:\/\/techmagis.com\/es\/wp-json\/wp\/v2\/comments?post=906"}],"wp:featuredmedia":[{"embeddable":true,"href":"https:\/\/techmagis.com\/es\/wp-json\/wp\/v2\/media\/907"}],"wp:attachment":[{"href":"https:\/\/techmagis.com\/es\/wp-json\/wp\/v2\/media?parent=906"}],"wp:term":[{"taxonomy":"product_brand","embeddable":true,"href":"https:\/\/techmagis.com\/es\/wp-json\/wp\/v2\/product_brand?post=906"},{"taxonomy":"product_cat","embeddable":true,"href":"https:\/\/techmagis.com\/es\/wp-json\/wp\/v2\/product_cat?post=906"},{"taxonomy":"product_tag","embeddable":true,"href":"https:\/\/techmagis.com\/es\/wp-json\/wp\/v2\/product_tag?post=906"}],"curies":[{"name":"wp","href":"https:\/\/api.w.org\/{rel}","templated":true}]}}