{"id":890,"date":"2025-07-22T07:07:08","date_gmt":"2025-07-22T07:07:08","guid":{"rendered":"https:\/\/techmagis.com\/?post_type=product&#038;p=890"},"modified":"2025-07-22T07:07:08","modified_gmt":"2025-07-22T07:07:08","slug":"7d1-sewer-inspection-camera","status":"publish","type":"product","link":"https:\/\/techmagis.com\/es\/producto\/7d1-sewer-inspection-camera\/","title":{"rendered":"7D1-C\u00e1mara de inspecci\u00f3n de alcantarillado"},"content":{"rendered":"<p>Par\u00e1metros t\u00e9cnicos<\/p>\n<div>\n<table border=\"1px\" cellpadding=\"12px 18px\">\n<thead>\n<tr>\n<th>Par\u00e1metro<\/th>\n<th>Detalles<\/th>\n<\/tr>\n<\/thead>\n<tbody>\n<tr>\n<td>Transmisor 512HZ<\/td>\n<td>Opcional<\/td>\n<\/tr>\n<tr>\n<td>Localizador 512HZ<\/td>\n<td>Opcional<\/td>\n<\/tr>\n<tr>\n<td>Tama\u00f1o de la pantalla<\/td>\n<td>7\"<\/td>\n<\/tr>\n<tr>\n<td>Resoluci\u00f3n de pantalla<\/td>\n<td>800X480<\/td>\n<\/tr>\n<tr>\n<td>Tarjeta de almacenamiento<\/td>\n<td>8G - M\u00e1x 16G<\/td>\n<\/tr>\n<tr>\n<td>Longitud del cable\/Metros<\/td>\n<td>20m\/30m\/40m\/50m Opcional<\/td>\n<\/tr>\n<tr>\n<td>Di\u00e1metro del cable\/MM<\/td>\n<td>4.9MM<\/td>\n<\/tr>\n<tr>\n<td>Colores de los cables<\/td>\n<td>rojo, amarillo, azul (Opcional)<\/td>\n<\/tr>\n<tr>\n<td>Materiales para cables<\/td>\n<td>fibra de vidrio<\/td>\n<\/tr>\n<tr>\n<td>Autonivelante<\/td>\n<td>Opcional<\/td>\n<\/tr>\n<tr>\n<td>Capacidad de la bater\u00eda<\/td>\n<td>4500mAh<\/td>\n<\/tr>\n<tr>\n<td>Contador<\/td>\n<td>Opcional<\/td>\n<\/tr>\n<tr>\n<td>Luces LED<\/td>\n<td>12 piezas de luces blancas<\/td>\n<\/tr>\n<tr>\n<td>\u00c1ngulo de visi\u00f3n de la c\u00e1mara<\/td>\n<td>120\u00b0<\/td>\n<\/tr>\n<tr>\n<td>Tama\u00f1o del cabezal de la c\u00e1mara<\/td>\n<td>23 mm x 120 mm<\/td>\n<\/tr>\n<tr>\n<td>Material de la lente de la c\u00e1mara<\/td>\n<td>Cristal templado (zafiro)<\/td>\n<\/tr>\n<tr>\n<td>P\u00edxel de la c\u00e1mara<\/td>\n<td>1000 TVL<\/td>\n<\/tr>\n<tr>\n<td>Funci\u00f3n DVR<\/td>\n<td>Opcional<\/td>\n<\/tr>\n<tr>\n<td>Formato de salida<\/td>\n<td>AVI\u3001JPG<\/td>\n<\/tr>\n<tr>\n<td>Puerto de datos<\/td>\n<td>Ranura para tarjetas de memoria<\/td>\n<\/tr>\n<tr>\n<td>Impermeable<\/td>\n<td>IP68<\/td>\n<\/tr>\n<tr>\n<td>Temperatura de trabajo<\/td>\n<td>-20\u00b0C - 60\u00b0C<\/td>\n<\/tr>\n<tr>\n<td>Materiales de la rueda de carrete<\/td>\n<td>Hierro galvanizado<\/td>\n<\/tr>\n<tr>\n<td>Materiales de caja<\/td>\n<td>Caja de aluminio<\/td>\n<\/tr>\n<\/tbody>\n<\/table>\n<\/div>","protected":false},"excerpt":{"rendered":"<div data-slate-node=\"element\"><span data-slate-node=\"text\">C\u00e1mara de inspecci\u00f3n de alcantarillado, enrollador de cable port\u00e1til con carcasa de aluminio.<\/span><\/div>\n<div data-slate-fragment=\"JTVCJTdCJTIydHlwZSUyMiUzQSUyMnBhcmFncmFwaCUyMiUyQyUyMmNoaWxkcmVuJTIyJTNBJTVCJTdCJTIyaWQlMjIlM0ElMjJ6eWJaSnl2V0RCJTIyJTJDJTIycGFyYUlkeCUyMiUzQTAlMkMlMjJzcmMlMjIlM0ElMjJTZXdlciUyMEluc3BlY3Rpb24lMjBDYW1lcmElMkMlMjBIYW5kaGVsZCUyMENhYmxlJTIwUmVlbCUyMFdpdGglMjBBbHVtaW51bSUyMENhc2UuJTIyJTJDJTIyZHN0JTIyJTNBJTIyJUU0JUI4JThCJUU2JUIwJUI0JUU5JTgxJTkzJUU2JUEzJTgwJUU2JTlGJUE1JUU2JTkxJTg0JUU1JTgzJThGJUU1JUE0JUI0JUVGJUJDJThDJUU5JTkzJTlEJUU1JTg4JUI2JUU1JUE0JTk2JUU1JUEzJUIzJUU3JTlBJTg0JUU2JTg5JThCJUU2JThDJTgxJUU1JUJDJThGJUU3JTk0JUI1JUU3JUJDJTg2JUU1JThEJUI3JUU3JUFEJTkyJUUzJTgwJTgyJTIyJTJDJTIybWV0YWRhdGElMjIlM0ElMjIlMjIlMkMlMjJtYXRjaGVzJTIyJTNBbnVsbCUyQyUyMm1ldGFEYXRhJTIyJTNBJTVCJTVEJTJDJTIydGV4dCUyMiUzQSUyMlNld2VyJTIwSW5zcGVjdGlvbiUyMENhbWVyYSUyQyUyMEhhbmRoZWxkJTIwQ2FibGUlMjBSZWVsJTIwV2l0aCUyMEFsdW1pbnVtJTIwQ2FzZS4lMjIlN0QlNUQlN0QlMkMlN0IlMjJ0eXBlJTIyJTNBJTIycGFyYWdyYXBoJTIyJTJDJTIyY2hpbGRyZW4lMjIlM0ElNUIlN0IlMjJpZCUyMiUzQSUyMmUyYm9ZWEF4ZGUlMjIlMkMlMjJwYXJhSWR4JTIyJTNBMSUyQyUyMnNyYyUyMiUzQSUyMiUyMiUyQyUyMmRzdCUyMiUzQSUyMiUyMiUyQyUyMm1ldGFkYXRhJTIyJTNBJTIyJTIyJTJDJTIybWF0Y2hlcyUyMiUzQW51bGwlMkMlMjJtZXRhRGF0YSUyMiUzQSU1QiU1RCUyQyUyMnRleHQlMjIlM0ElMjIlMjIlN0QlNUQlN0QlMkMlN0IlMjJ0eXBlJTIyJTNBJTIycGFyYWdyYXBoJTIyJTJDJTIyY2hpbGRyZW4lMjIlM0ElNUIlN0IlMjJpZCUyMiUzQSUyMmVFUWdaR2x4NGUlMjIlMkMlMjJwYXJhSWR4JTIyJTNBMiUyQyUyMnNyYyUyMiUzQSUyMk1vZGVsJTIwTm8uJTNBJTIwQ1IxMTAtN0QxJTIyJTJDJTIyZHN0JTIyJTNBJTIyJUU1JTlFJThCJUU1JThGJUI3JUVGJUJDJTlBQ1IxMTAtN0QxJTIyJTJDJTIybWV0YWRhdGElMjIlM0ElMjIlMjIlMkMlMjJtYXRjaGVzJTIyJTNBbnVsbCUyQyUyMm1ldGFEYXRhJTIyJTNBJTVCJTVEJTJDJTIydGV4dCUyMiUzQSUyMk1vZGVsJTIwTm8uJTNBJTIwQ1IxMTAtN0QxJTIyJTdEJTVEJTdEJTVE\" data-slate-node=\"element\"><span data-slate-node=\"text\"><strong>Modelo No:<\/strong> TH110-7D1<\/span><\/div>\n<div data-slate-fragment=\"JTVCJTdCJTIydHlwZSUyMiUzQSUyMnBhcmFncmFwaCUyMiUyQyUyMmNoaWxkcmVuJTIyJTNBJTVCJTdCJTIyaWQlMjIlM0ElMjJ6eWJaSnl2V0RCJTIyJTJDJTIycGFyYUlkeCUyMiUzQTAlMkMlMjJzcmMlMjIlM0ElMjJTZXdlciUyMEluc3BlY3Rpb24lMjBDYW1lcmElMkMlMjBIYW5kaGVsZCUyMENhYmxlJTIwUmVlbCUyMFdpdGglMjBBbHVtaW51bSUyMENhc2UuJTIyJTJDJTIyZHN0JTIyJTNBJTIyJUU0JUI4JThCJUU2JUIwJUI0JUU5JTgxJTkzJUU2JUEzJTgwJUU2JTlGJUE1JUU2JTkxJTg0JUU1JTgzJThGJUU1JUE0JUI0JUVGJUJDJThDJUU5JTkzJTlEJUU1JTg4JUI2JUU1JUE0JTk2JUU1JUEzJUIzJUU3JTlBJTg0JUU2JTg5JThCJUU2JThDJTgxJUU1JUJDJThGJUU3JTk0JUI1JUU3JUJDJTg2JUU1JThEJUI3JUU3JUFEJTkyJUUzJTgwJTgyJTIyJTJDJTIybWV0YWRhdGElMjIlM0ElMjIlMjIlMkMlMjJtYXRjaGVzJTIyJTNBbnVsbCUyQyUyMm1ldGFEYXRhJTIyJTNBJTVCJTVEJTJDJTIydGV4dCUyMiUzQSUyMlNld2VyJTIwSW5zcGVjdGlvbiUyMENhbWVyYSUyQyUyMEhhbmRoZWxkJTIwQ2FibGUlMjBSZWVsJTIwV2l0aCUyMEFsdW1pbnVtJTIwQ2FzZS4lMjIlN0QlNUQlN0QlMkMlN0IlMjJ0eXBlJTIyJTNBJTIycGFyYWdyYXBoJTIyJTJDJTIyY2hpbGRyZW4lMjIlM0ElNUIlN0IlMjJpZCUyMiUzQSUyMmUyYm9ZWEF4ZGUlMjIlMkMlMjJwYXJhSWR4JTIyJTNBMSUyQyUyMnNyYyUyMiUzQSUyMiUyMiUyQyUyMmRzdCUyMiUzQSUyMiUyMiUyQyUyMm1ldGFkYXRhJTIyJTNBJTIyJTIyJTJDJTIybWF0Y2hlcyUyMiUzQW51bGwlMkMlMjJtZXRhRGF0YSUyMiUzQSU1QiU1RCUyQyUyMnRleHQlMjIlM0ElMjIlMjIlN0QlNUQlN0QlMkMlN0IlMjJ0eXBlJTIyJTNBJTIycGFyYWdyYXBoJTIyJTJDJTIyY2hpbGRyZW4lMjIlM0ElNUIlN0IlMjJpZCUyMiUzQSUyMmVFUWdaR2x4NGUlMjIlMkMlMjJwYXJhSWR4JTIyJTNBMiUyQyUyMnNyYyUyMiUzQSUyMk1vZGVsJTIwTm8uJTNBJTIwQ1IxMTAtN0QxJTIyJTJDJTIyZHN0JTIyJTNBJTIyJUU1JTlFJThCJUU1JThGJUI3JUVGJUJDJTlBQ1IxMTAtN0QxJTIyJTJDJTIybWV0YWRhdGElMjIlM0ElMjIlMjIlMkMlMjJtYXRjaGVzJTIyJTNBbnVsbCUyQyUyMm1ldGFEYXRhJTIyJTNBJTVCJTVEJTJDJTIydGV4dCUyMiUzQSUyMk1vZGVsJTIwTm8uJTNBJTIwQ1IxMTAtN0QxJTIyJTdEJTVEJTdEJTVE\" data-slate-node=\"element\">C\u00e1mara de inspecci\u00f3n de alcantarillado para tuber\u00edas C\u00e1mara de drenaje Inspecci\u00f3n de tuber\u00edas<\/div>","protected":false},"featured_media":891,"comment_status":"open","ping_status":"closed","template":"","meta":{"site-sidebar-layout":"default","site-content-layout":"","ast-site-content-layout":"default","site-content-style":"default","site-sidebar-style":"default","ast-global-header-display":"","ast-banner-title-visibility":"","ast-main-header-display":"","ast-hfb-above-header-display":"","ast-hfb-below-header-display":"","ast-hfb-mobile-header-display":"","site-post-title":"","ast-breadcrumbs-content":"","ast-featured-img":"","footer-sml-layout":"","theme-transparent-header-meta":"default","adv-header-id-meta":"","stick-header-meta":"","header-above-stick-meta":"","header-main-stick-meta":"","header-below-stick-meta":"","astra-migrate-meta-layouts":"set","ast-page-background-enabled":"default","ast-page-background-meta":{"desktop":{"background-color":"var(--ast-global-color-4)","background-image":"","background-repeat":"repeat","background-position":"center center","background-size":"auto","background-attachment":"scroll","background-type":"","background-media":"","overlay-type":"","overlay-color":"","overlay-opacity":"","overlay-gradient":""},"tablet":{"background-color":"","background-image":"","background-repeat":"repeat","background-position":"center center","background-size":"auto","background-attachment":"scroll","background-type":"","background-media":"","overlay-type":"","overlay-color":"","overlay-opacity":"","overlay-gradient":""},"mobile":{"background-color":"","background-image":"","background-repeat":"repeat","background-position":"center center","background-size":"auto","background-attachment":"scroll","background-type":"","background-media":"","overlay-type":"","overlay-color":"","overlay-opacity":"","overlay-gradient":""}},"ast-content-background-meta":{"desktop":{"background-color":"var(--ast-global-color-5)","background-image":"","background-repeat":"repeat","background-position":"center center","background-size":"auto","background-attachment":"scroll","background-type":"","background-media":"","overlay-type":"","overlay-color":"","overlay-opacity":"","overlay-gradient":""},"tablet":{"background-color":"var(--ast-global-color-5)","background-image":"","background-repeat":"repeat","background-position":"center center","background-size":"auto","background-attachment":"scroll","background-type":"","background-media":"","overlay-type":"","overlay-color":"","overlay-opacity":"","overlay-gradient":""},"mobile":{"background-color":"var(--ast-global-color-5)","background-image":"","background-repeat":"repeat","background-position":"center center","background-size":"auto","background-attachment":"scroll","background-type":"","background-media":"","overlay-type":"","overlay-color":"","overlay-opacity":"","overlay-gradient":""}}},"product_brand":[],"product_cat":[47],"product_tag":[],"class_list":{"0":"post-890","1":"product","2":"type-product","3":"status-publish","4":"has-post-thumbnail","6":"product_cat-sewer-pipe-camera","7":"desktop-align-center","8":"tablet-align-center","9":"mobile-align-center","11":"first","12":"instock","13":"shipping-taxable","14":"product-type-simple"},"_links":{"self":[{"href":"https:\/\/techmagis.com\/es\/wp-json\/wp\/v2\/product\/890","targetHints":{"allow":["GET"]}}],"collection":[{"href":"https:\/\/techmagis.com\/es\/wp-json\/wp\/v2\/product"}],"about":[{"href":"https:\/\/techmagis.com\/es\/wp-json\/wp\/v2\/types\/product"}],"replies":[{"embeddable":true,"href":"https:\/\/techmagis.com\/es\/wp-json\/wp\/v2\/comments?post=890"}],"wp:featuredmedia":[{"embeddable":true,"href":"https:\/\/techmagis.com\/es\/wp-json\/wp\/v2\/media\/891"}],"wp:attachment":[{"href":"https:\/\/techmagis.com\/es\/wp-json\/wp\/v2\/media?parent=890"}],"wp:term":[{"taxonomy":"product_brand","embeddable":true,"href":"https:\/\/techmagis.com\/es\/wp-json\/wp\/v2\/product_brand?post=890"},{"taxonomy":"product_cat","embeddable":true,"href":"https:\/\/techmagis.com\/es\/wp-json\/wp\/v2\/product_cat?post=890"},{"taxonomy":"product_tag","embeddable":true,"href":"https:\/\/techmagis.com\/es\/wp-json\/wp\/v2\/product_tag?post=890"}],"curies":[{"name":"wp","href":"https:\/\/api.w.org\/{rel}","templated":true}]}}