{"id":866,"date":"2025-07-22T06:55:46","date_gmt":"2025-07-22T06:55:46","guid":{"rendered":"https:\/\/techmagis.com\/?post_type=product&#038;p=866"},"modified":"2025-07-22T06:55:46","modified_gmt":"2025-07-22T06:55:46","slug":"7dve-pipe-inspection-camera","status":"publish","type":"product","link":"https:\/\/techmagis.com\/es\/producto\/7dve-pipe-inspection-camera\/","title":{"rendered":"7DVE-C\u00e1mara de inspecci\u00f3n de tuber\u00edas"},"content":{"rendered":"<table>\n<tbody>\n<tr>\n<td width=\"195\"><strong><b>Par\u00e1metro<\/b><\/strong><\/td>\n<td width=\"974\"><strong><b>Detalles<\/b><\/strong><\/td>\n<\/tr>\n<tr>\n<td width=\"195\">Transmisor 512HZ<\/td>\n<td width=\"974\">no disponible<\/td>\n<\/tr>\n<tr>\n<td width=\"195\">Localizador 512HZ<\/td>\n<td width=\"974\">no disponible<\/td>\n<\/tr>\n<tr>\n<td width=\"195\">Tama\u00f1o de la pantalla<\/td>\n<td width=\"974\">7\"<\/td>\n<\/tr>\n<tr>\n<td width=\"195\">Resoluci\u00f3n de pantalla<\/td>\n<td width=\"974\">1024X600<\/td>\n<\/tr>\n<tr>\n<td width=\"195\">Tarjeta de almacenamiento<\/td>\n<td width=\"974\">M\u00e1ximo 32G<\/td>\n<\/tr>\n<tr>\n<td width=\"195\">Longitud del cable<\/td>\n<td width=\"974\">20m\/30m\/40m\/50m Opcional<\/td>\n<\/tr>\n<tr>\n<td width=\"195\">Di\u00e1metro del cable<\/td>\n<td width=\"974\">4.9MM<\/td>\n<\/tr>\n<tr>\n<td width=\"195\">Colores de los cables<\/td>\n<td width=\"974\">rojo, amarillo, azul (Opcional)<\/td>\n<\/tr>\n<tr>\n<td width=\"195\">Materiales para cables<\/td>\n<td width=\"974\">fibra de vidrio<\/td>\n<\/tr>\n<\/tbody>\n<\/table>","protected":false},"excerpt":{"rendered":"<p>C\u00e1mara de inspecci\u00f3n de tuber\u00edas de alcantarillado con pantalla de 7 pulgadas, c\u00e1mara de inspecci\u00f3n de tuber\u00edas, carrete de cable horizontal port\u00e1til.<\/p>\n<p><strong><b>Modelo No:<\/b><\/strong> TH110-7DVE<\/p>\n<p>C\u00e1mara ligera de inspecci\u00f3n de tuber\u00edas, c\u00e1mara de inspecci\u00f3n de tuber\u00edas de alcantarillado, carrete de cable horizontal port\u00e1til<\/p>","protected":false},"featured_media":867,"comment_status":"open","ping_status":"closed","template":"","meta":{"site-sidebar-layout":"default","site-content-layout":"","ast-site-content-layout":"default","site-content-style":"default","site-sidebar-style":"default","ast-global-header-display":"","ast-banner-title-visibility":"","ast-main-header-display":"","ast-hfb-above-header-display":"","ast-hfb-below-header-display":"","ast-hfb-mobile-header-display":"","site-post-title":"","ast-breadcrumbs-content":"","ast-featured-img":"","footer-sml-layout":"","theme-transparent-header-meta":"default","adv-header-id-meta":"","stick-header-meta":"","header-above-stick-meta":"","header-main-stick-meta":"","header-below-stick-meta":"","astra-migrate-meta-layouts":"set","ast-page-background-enabled":"default","ast-page-background-meta":{"desktop":{"background-color":"var(--ast-global-color-4)","background-image":"","background-repeat":"repeat","background-position":"center center","background-size":"auto","background-attachment":"scroll","background-type":"","background-media":"","overlay-type":"","overlay-color":"","overlay-opacity":"","overlay-gradient":""},"tablet":{"background-color":"","background-image":"","background-repeat":"repeat","background-position":"center center","background-size":"auto","background-attachment":"scroll","background-type":"","background-media":"","overlay-type":"","overlay-color":"","overlay-opacity":"","overlay-gradient":""},"mobile":{"background-color":"","background-image":"","background-repeat":"repeat","background-position":"center center","background-size":"auto","background-attachment":"scroll","background-type":"","background-media":"","overlay-type":"","overlay-color":"","overlay-opacity":"","overlay-gradient":""}},"ast-content-background-meta":{"desktop":{"background-color":"var(--ast-global-color-5)","background-image":"","background-repeat":"repeat","background-position":"center center","background-size":"auto","background-attachment":"scroll","background-type":"","background-media":"","overlay-type":"","overlay-color":"","overlay-opacity":"","overlay-gradient":""},"tablet":{"background-color":"var(--ast-global-color-5)","background-image":"","background-repeat":"repeat","background-position":"center center","background-size":"auto","background-attachment":"scroll","background-type":"","background-media":"","overlay-type":"","overlay-color":"","overlay-opacity":"","overlay-gradient":""},"mobile":{"background-color":"var(--ast-global-color-5)","background-image":"","background-repeat":"repeat","background-position":"center center","background-size":"auto","background-attachment":"scroll","background-type":"","background-media":"","overlay-type":"","overlay-color":"","overlay-opacity":"","overlay-gradient":""}}},"product_brand":[],"product_cat":[47],"product_tag":[],"class_list":{"0":"post-866","1":"product","2":"type-product","3":"status-publish","4":"has-post-thumbnail","6":"product_cat-sewer-pipe-camera","7":"desktop-align-center","8":"tablet-align-center","9":"mobile-align-center","11":"first","12":"instock","13":"shipping-taxable","14":"product-type-simple"},"_links":{"self":[{"href":"https:\/\/techmagis.com\/es\/wp-json\/wp\/v2\/product\/866","targetHints":{"allow":["GET"]}}],"collection":[{"href":"https:\/\/techmagis.com\/es\/wp-json\/wp\/v2\/product"}],"about":[{"href":"https:\/\/techmagis.com\/es\/wp-json\/wp\/v2\/types\/product"}],"replies":[{"embeddable":true,"href":"https:\/\/techmagis.com\/es\/wp-json\/wp\/v2\/comments?post=866"}],"wp:featuredmedia":[{"embeddable":true,"href":"https:\/\/techmagis.com\/es\/wp-json\/wp\/v2\/media\/867"}],"wp:attachment":[{"href":"https:\/\/techmagis.com\/es\/wp-json\/wp\/v2\/media?parent=866"}],"wp:term":[{"taxonomy":"product_brand","embeddable":true,"href":"https:\/\/techmagis.com\/es\/wp-json\/wp\/v2\/product_brand?post=866"},{"taxonomy":"product_cat","embeddable":true,"href":"https:\/\/techmagis.com\/es\/wp-json\/wp\/v2\/product_cat?post=866"},{"taxonomy":"product_tag","embeddable":true,"href":"https:\/\/techmagis.com\/es\/wp-json\/wp\/v2\/product_tag?post=866"}],"curies":[{"name":"wp","href":"https:\/\/api.w.org\/{rel}","templated":true}]}}