{"id":849,"date":"2025-07-22T06:44:28","date_gmt":"2025-07-22T06:44:28","guid":{"rendered":"https:\/\/techmagis.com\/?post_type=product&#038;p=849"},"modified":"2025-07-22T06:44:29","modified_gmt":"2025-07-22T06:44:29","slug":"9dx1-sewer-inspection-camera","status":"publish","type":"product","link":"https:\/\/techmagis.com\/es\/producto\/9dx1-sewer-inspection-camera\/","title":{"rendered":"9DX1-C\u00e1mara de inspecci\u00f3n de alcantarillado"},"content":{"rendered":"<p><strong>Par\u00e1metros t\u00e9cnicos<\/strong><\/p>\n<table>\n<tbody>\n<tr>\n<td width=\"130\"><strong>Par\u00e1metro<\/strong><\/td>\n<td width=\"1039\"><strong>Detalles<\/strong><\/td>\n<\/tr>\n<tr>\n<td width=\"130\"><strong>Transmisor 512HZ<\/strong><\/td>\n<td width=\"1039\"><strong>Opcional<\/strong><\/td>\n<\/tr>\n<tr>\n<td width=\"130\"><strong>Localizador 512HZ<\/strong><\/td>\n<td width=\"1039\"><strong>Opcional<\/strong><\/td>\n<\/tr>\n<tr>\n<td width=\"130\"><strong>Tama\u00f1o de la pantalla<\/strong><\/td>\n<td width=\"1039\"><strong>9&#8221;<\/strong><\/td>\n<\/tr>\n<tr>\n<td width=\"130\"><strong>Resoluci\u00f3n de pantalla<\/strong><\/td>\n<td width=\"1039\"><strong>800\u00d7480<\/strong><\/td>\n<\/tr>\n<tr>\n<td width=\"130\"><strong>Tarjeta de almacenamiento<\/strong><\/td>\n<td width=\"1039\"><strong>M\u00e1ximo 128G<\/strong><\/td>\n<\/tr>\n<tr>\n<td width=\"130\"><strong>Longitud del cable<\/strong><\/td>\n<td width=\"1039\"><strong>20m\/30m\/40m\/50m Opcional<\/strong><\/td>\n<\/tr>\n<tr>\n<td width=\"130\"><strong>Di\u00e1metro del cable<\/strong><\/td>\n<td width=\"1039\"><strong>7 mm<\/strong><\/td>\n<\/tr>\n<tr>\n<td width=\"130\"><strong>Colores de los cables<\/strong><\/td>\n<td width=\"1039\"><strong>rojo, amarillo, azul (Opcional)<\/strong><\/td>\n<\/tr>\n<tr>\n<td width=\"130\"><strong>Materiales para cables<\/strong><\/td>\n<td width=\"1039\"><strong>fibra de vidrio<\/strong><\/td>\n<\/tr>\n<tr>\n<td width=\"130\"><strong>Autonivelante<\/strong><\/td>\n<td width=\"1039\"><strong>Opcional<\/strong><\/td>\n<\/tr>\n<tr>\n<td width=\"130\"><strong>Capacidad de la bater\u00eda<\/strong><\/td>\n<td width=\"1039\"><strong>4500mAh<\/strong><\/td>\n<\/tr>\n<tr>\n<td width=\"130\"><strong>Contador<\/strong><\/td>\n<td width=\"1039\"><strong>Opcional<\/strong><\/td>\n<\/tr>\n<tr>\n<td width=\"130\"><strong>Luces LED<\/strong><\/td>\n<td width=\"1039\"><strong>12 piezas de luces blancas<\/strong><\/td>\n<\/tr>\n<tr>\n<td width=\"130\"><strong>\u00c1ngulo de visi\u00f3n de la c\u00e1mara<\/strong><\/td>\n<td width=\"1039\"><strong>120\u00b0<\/strong><\/td>\n<\/tr>\n<tr>\n<td width=\"130\"><strong>Tama\u00f1o del cabezal de la c\u00e1mara<\/strong><\/td>\n<td width=\"1039\"><strong>23 mm x 120 mm<\/strong><\/td>\n<\/tr>\n<tr>\n<td width=\"130\"><strong>Material de la lente de la c\u00e1mara<\/strong><\/td>\n<td width=\"1039\"><strong>Cristal templado<\/strong><\/td>\n<\/tr>\n<tr>\n<td width=\"130\"><strong>Resoluci\u00f3n de la c\u00e1mara<\/strong><\/td>\n<td width=\"1039\"><strong>1000 TVL<\/strong><\/td>\n<\/tr>\n<tr>\n<td width=\"130\"><strong>Funci\u00f3n DVR<\/strong><\/td>\n<td width=\"1039\"><strong>Opcional<\/strong><\/td>\n<\/tr>\n<tr>\n<td width=\"130\"><strong>Formato de salida<\/strong><\/td>\n<td width=\"1039\"><strong>AVI, JPG<\/strong><\/td>\n<\/tr>\n<\/tbody>\n<\/table>","protected":false},"excerpt":{"rendered":"<p><strong>Camara de Inspeccion de Alcantarillado , Pantalla de 9 pulgadas, 1000TVL, Camara de 23mm, 12 Luces LED, Brillo Ajustable.<\/strong><\/p>\n<p><strong>Modelo N\u00ba: TH110-9DX1<\/strong><\/p>\n<p><strong>Pantalla de 9 pulgadas, 1000TVL, c\u00e1mara de 23mm, 12 luces LED, brillo ajustable, \u00e1ngulo de visi\u00f3n 120\u00b0, IP68 impermeable.<\/strong><\/p>\n<p><strong>DVR, Contador de distancia, Longitud de cable 20-100 metros Personalizado<\/strong><\/p>\n<p><strong>Transmisor y receptor de 512 Hz opcional<\/strong><\/p>","protected":false},"featured_media":851,"comment_status":"open","ping_status":"closed","template":"","meta":{"site-sidebar-layout":"default","site-content-layout":"","ast-site-content-layout":"default","site-content-style":"default","site-sidebar-style":"default","ast-global-header-display":"","ast-banner-title-visibility":"","ast-main-header-display":"","ast-hfb-above-header-display":"","ast-hfb-below-header-display":"","ast-hfb-mobile-header-display":"","site-post-title":"","ast-breadcrumbs-content":"","ast-featured-img":"","footer-sml-layout":"","theme-transparent-header-meta":"default","adv-header-id-meta":"","stick-header-meta":"","header-above-stick-meta":"","header-main-stick-meta":"","header-below-stick-meta":"","astra-migrate-meta-layouts":"set","ast-page-background-enabled":"default","ast-page-background-meta":{"desktop":{"background-color":"var(--ast-global-color-4)","background-image":"","background-repeat":"repeat","background-position":"center center","background-size":"auto","background-attachment":"scroll","background-type":"","background-media":"","overlay-type":"","overlay-color":"","overlay-opacity":"","overlay-gradient":""},"tablet":{"background-color":"","background-image":"","background-repeat":"repeat","background-position":"center center","background-size":"auto","background-attachment":"scroll","background-type":"","background-media":"","overlay-type":"","overlay-color":"","overlay-opacity":"","overlay-gradient":""},"mobile":{"background-color":"","background-image":"","background-repeat":"repeat","background-position":"center center","background-size":"auto","background-attachment":"scroll","background-type":"","background-media":"","overlay-type":"","overlay-color":"","overlay-opacity":"","overlay-gradient":""}},"ast-content-background-meta":{"desktop":{"background-color":"var(--ast-global-color-5)","background-image":"","background-repeat":"repeat","background-position":"center center","background-size":"auto","background-attachment":"scroll","background-type":"","background-media":"","overlay-type":"","overlay-color":"","overlay-opacity":"","overlay-gradient":""},"tablet":{"background-color":"var(--ast-global-color-5)","background-image":"","background-repeat":"repeat","background-position":"center center","background-size":"auto","background-attachment":"scroll","background-type":"","background-media":"","overlay-type":"","overlay-color":"","overlay-opacity":"","overlay-gradient":""},"mobile":{"background-color":"var(--ast-global-color-5)","background-image":"","background-repeat":"repeat","background-position":"center center","background-size":"auto","background-attachment":"scroll","background-type":"","background-media":"","overlay-type":"","overlay-color":"","overlay-opacity":"","overlay-gradient":""}}},"product_brand":[],"product_cat":[47],"product_tag":[],"class_list":{"0":"post-849","1":"product","2":"type-product","3":"status-publish","4":"has-post-thumbnail","6":"product_cat-sewer-pipe-camera","7":"desktop-align-center","8":"tablet-align-center","9":"mobile-align-center","11":"first","12":"instock","13":"shipping-taxable","14":"product-type-simple"},"_links":{"self":[{"href":"https:\/\/techmagis.com\/es\/wp-json\/wp\/v2\/product\/849","targetHints":{"allow":["GET"]}}],"collection":[{"href":"https:\/\/techmagis.com\/es\/wp-json\/wp\/v2\/product"}],"about":[{"href":"https:\/\/techmagis.com\/es\/wp-json\/wp\/v2\/types\/product"}],"replies":[{"embeddable":true,"href":"https:\/\/techmagis.com\/es\/wp-json\/wp\/v2\/comments?post=849"}],"wp:featuredmedia":[{"embeddable":true,"href":"https:\/\/techmagis.com\/es\/wp-json\/wp\/v2\/media\/851"}],"wp:attachment":[{"href":"https:\/\/techmagis.com\/es\/wp-json\/wp\/v2\/media?parent=849"}],"wp:term":[{"taxonomy":"product_brand","embeddable":true,"href":"https:\/\/techmagis.com\/es\/wp-json\/wp\/v2\/product_brand?post=849"},{"taxonomy":"product_cat","embeddable":true,"href":"https:\/\/techmagis.com\/es\/wp-json\/wp\/v2\/product_cat?post=849"},{"taxonomy":"product_tag","embeddable":true,"href":"https:\/\/techmagis.com\/es\/wp-json\/wp\/v2\/product_tag?post=849"}],"curies":[{"name":"wp","href":"https:\/\/api.w.org\/{rel}","templated":true}]}}