{"id":783,"date":"2025-07-22T05:26:56","date_gmt":"2025-07-22T05:26:56","guid":{"rendered":"https:\/\/techmagis.com\/?post_type=product&#038;p=783"},"modified":"2025-07-22T05:26:56","modified_gmt":"2025-07-22T05:26:56","slug":"th700-6na2-telescopic-pole-inspection-camera","status":"publish","type":"product","link":"https:\/\/techmagis.com\/es\/producto\/th700-6na2-telescopic-pole-inspection-camera\/","title":{"rendered":"TH700-6NA2-C\u00e1mara de inspecci\u00f3n para m\u00e1stil telesc\u00f3pico"},"content":{"rendered":"<p><strong>Productos<\/strong><\/p>\n<table>\n<tbody>\n<tr>\n<td width=\"343\"><strong>Par\u00e1metro<\/strong><\/td>\n<td width=\"826\"><strong>Detalles<\/strong><\/td>\n<\/tr>\n<tr>\n<td width=\"343\"><strong>Di\u00e1metro de la c\u00e1mara<\/strong><\/td>\n<td width=\"826\"><strong>40 mm<\/strong><\/td>\n<\/tr>\n<tr>\n<td width=\"343\"><strong>Pantalla<\/strong><\/td>\n<td width=\"826\"><strong>Pantalla t\u00e1ctil TFT HD de 7<\/strong><\/td>\n<\/tr>\n<tr>\n<td width=\"343\"><strong>Funciones DVR<\/strong><\/td>\n<td width=\"826\"><strong>Captura de im\u00e1genes, grabaci\u00f3n de v\u00eddeo, almacenamiento de archivos<\/strong><\/td>\n<\/tr>\n<tr>\n<td width=\"343\"><strong>M\u00e1stil telesc\u00f3pico<\/strong><\/td>\n<td width=\"826\"><strong>3M<\/strong><\/td>\n<\/tr>\n<\/tbody>\n<\/table>\n<p><strong>Par\u00e1metros t\u00e9cnicos<\/strong><\/p>\n<table>\n<tbody>\n<tr>\n<td width=\"586\"><strong>Par\u00e1metro<\/strong><\/td>\n<td width=\"582\"><strong>Detalles<\/strong><\/td>\n<\/tr>\n<tr>\n<td width=\"586\"><strong>Tama\u00f1o de la c\u00e1mara<\/strong><\/td>\n<td width=\"582\"><strong>\u03a640\u00d7118mm (Carcasa de aleaci\u00f3n de aluminio de alta resistencia)<\/strong><\/td>\n<\/tr>\n<tr>\n<td width=\"586\"><strong>P\u00edxel de la c\u00e1mara<\/strong><\/td>\n<td width=\"582\"><strong>4K<\/strong><\/td>\n<\/tr>\n<tr>\n<td width=\"586\"><strong>Nivel de impermeabilidad<\/strong><\/td>\n<td width=\"582\"><strong>IP68<\/strong><\/td>\n<\/tr>\n<tr>\n<td width=\"586\"><strong>\u00c1ngulo de visi\u00f3n<\/strong><\/td>\n<td width=\"582\"><strong>Inclinaci\u00f3n de 180\u00b0 + panor\u00e1mica de 360<\/strong><\/td>\n<\/tr>\n<tr>\n<td width=\"586\"><strong>Mostrar<\/strong><\/td>\n<td width=\"582\"><strong>Pantalla t\u00e1ctil HD TFT de 7<\/strong><\/td>\n<\/tr>\n<tr>\n<td width=\"586\"><strong>Sistema DVR<\/strong><\/td>\n<td width=\"582\"><strong>Formato MP4, resoluci\u00f3n de grabaci\u00f3n 4K<\/strong><\/td>\n<\/tr>\n<\/tbody>\n<\/table>","protected":false},"excerpt":{"rendered":"<p><strong>C\u00e1mara de inspecci\u00f3n de p\u00e9rtiga telesc\u00f3pica, C\u00e1mara de inspecci\u00f3n de v\u00eddeo telesc\u00f3pica.<\/strong><\/p>\n<p><strong>Modelo N\u00ba: TH700-6NA2<\/strong><\/p>\n<p><strong>Pantalla t\u00e1ctil HD TFT de 7\", c\u00e1mara 4K AHD, 3840H*2160V p\u00edxeles, 16:9. 180\u00b0 Inclinaci\u00f3n, 360\u00b0 Paneo<\/strong><\/p>\n<p><strong>DVR, captura de im\u00e1genes, grabaci\u00f3n de v\u00eddeo, almacenamiento de v\u00eddeo.<\/strong><\/p>\n<p><strong>M\u00e1stil telesc\u00f3pico de fibra de carbono<\/strong><\/p>","protected":false},"featured_media":784,"comment_status":"open","ping_status":"closed","template":"","meta":{"site-sidebar-layout":"default","site-content-layout":"","ast-site-content-layout":"default","site-content-style":"default","site-sidebar-style":"default","ast-global-header-display":"","ast-banner-title-visibility":"","ast-main-header-display":"","ast-hfb-above-header-display":"","ast-hfb-below-header-display":"","ast-hfb-mobile-header-display":"","site-post-title":"","ast-breadcrumbs-content":"","ast-featured-img":"","footer-sml-layout":"","theme-transparent-header-meta":"default","adv-header-id-meta":"","stick-header-meta":"","header-above-stick-meta":"","header-main-stick-meta":"","header-below-stick-meta":"","astra-migrate-meta-layouts":"set","ast-page-background-enabled":"default","ast-page-background-meta":{"desktop":{"background-color":"var(--ast-global-color-4)","background-image":"","background-repeat":"repeat","background-position":"center center","background-size":"auto","background-attachment":"scroll","background-type":"","background-media":"","overlay-type":"","overlay-color":"","overlay-opacity":"","overlay-gradient":""},"tablet":{"background-color":"","background-image":"","background-repeat":"repeat","background-position":"center center","background-size":"auto","background-attachment":"scroll","background-type":"","background-media":"","overlay-type":"","overlay-color":"","overlay-opacity":"","overlay-gradient":""},"mobile":{"background-color":"","background-image":"","background-repeat":"repeat","background-position":"center center","background-size":"auto","background-attachment":"scroll","background-type":"","background-media":"","overlay-type":"","overlay-color":"","overlay-opacity":"","overlay-gradient":""}},"ast-content-background-meta":{"desktop":{"background-color":"var(--ast-global-color-5)","background-image":"","background-repeat":"repeat","background-position":"center center","background-size":"auto","background-attachment":"scroll","background-type":"","background-media":"","overlay-type":"","overlay-color":"","overlay-opacity":"","overlay-gradient":""},"tablet":{"background-color":"var(--ast-global-color-5)","background-image":"","background-repeat":"repeat","background-position":"center center","background-size":"auto","background-attachment":"scroll","background-type":"","background-media":"","overlay-type":"","overlay-color":"","overlay-opacity":"","overlay-gradient":""},"mobile":{"background-color":"var(--ast-global-color-5)","background-image":"","background-repeat":"repeat","background-position":"center center","background-size":"auto","background-attachment":"scroll","background-type":"","background-media":"","overlay-type":"","overlay-color":"","overlay-opacity":"","overlay-gradient":""}}},"product_brand":[],"product_cat":[45],"product_tag":[],"class_list":{"0":"post-783","1":"product","2":"type-product","3":"status-publish","4":"has-post-thumbnail","6":"product_cat-telescopic-pole-camera","7":"desktop-align-center","8":"tablet-align-center","9":"mobile-align-center","11":"first","12":"instock","13":"shipping-taxable","14":"product-type-simple"},"_links":{"self":[{"href":"https:\/\/techmagis.com\/es\/wp-json\/wp\/v2\/product\/783","targetHints":{"allow":["GET"]}}],"collection":[{"href":"https:\/\/techmagis.com\/es\/wp-json\/wp\/v2\/product"}],"about":[{"href":"https:\/\/techmagis.com\/es\/wp-json\/wp\/v2\/types\/product"}],"replies":[{"embeddable":true,"href":"https:\/\/techmagis.com\/es\/wp-json\/wp\/v2\/comments?post=783"}],"wp:featuredmedia":[{"embeddable":true,"href":"https:\/\/techmagis.com\/es\/wp-json\/wp\/v2\/media\/784"}],"wp:attachment":[{"href":"https:\/\/techmagis.com\/es\/wp-json\/wp\/v2\/media?parent=783"}],"wp:term":[{"taxonomy":"product_brand","embeddable":true,"href":"https:\/\/techmagis.com\/es\/wp-json\/wp\/v2\/product_brand?post=783"},{"taxonomy":"product_cat","embeddable":true,"href":"https:\/\/techmagis.com\/es\/wp-json\/wp\/v2\/product_cat?post=783"},{"taxonomy":"product_tag","embeddable":true,"href":"https:\/\/techmagis.com\/es\/wp-json\/wp\/v2\/product_tag?post=783"}],"curies":[{"name":"wp","href":"https:\/\/api.w.org\/{rel}","templated":true}]}}