{"id":757,"date":"2025-07-22T05:11:08","date_gmt":"2025-07-22T05:11:08","guid":{"rendered":"https:\/\/techmagis.com\/?post_type=product&#038;p=757"},"modified":"2025-07-22T05:11:08","modified_gmt":"2025-07-22T05:11:08","slug":"7hbs-ice-fishing-fish-finder","status":"publish","type":"product","link":"https:\/\/techmagis.com\/es\/producto\/7hbs-ice-fishing-fish-finder\/","title":{"rendered":"7HBS-Buscador de peces para pesca en hielo"},"content":{"rendered":"<p><strong>Par\u00e1metros t\u00e9cnicos<\/strong><\/p>\n<table>\n<tbody>\n<tr>\n<td width=\"276\"><strong>Par\u00e1metro<\/strong><\/td>\n<td width=\"893\"><strong>Detalles<\/strong><\/td>\n<\/tr>\n<tr>\n<td width=\"276\"><strong>Tama\u00f1o de la pantalla<\/strong><\/td>\n<td width=\"893\"><strong>4,3 pulgadas<\/strong><\/td>\n<\/tr>\n<tr>\n<td width=\"276\"><strong>Resoluci\u00f3n de pantalla<\/strong><\/td>\n<td width=\"893\"><strong>480\u00d7272<\/strong><\/td>\n<\/tr>\n<tr>\n<td width=\"276\"><strong>Tarjeta de almacenamiento<\/strong><\/td>\n<td width=\"893\"><strong>MAX 128G<\/strong><\/td>\n<\/tr>\n<tr>\n<td width=\"276\"><strong>Longitud del cable<\/strong><\/td>\n<td width=\"893\"><strong>15\/20\/25\/30M<\/strong><\/td>\n<\/tr>\n<tr>\n<td width=\"276\"><strong>Di\u00e1metro del cable<\/strong><\/td>\n<td width=\"893\"><strong>1,55 MM<\/strong><\/td>\n<\/tr>\n<tr>\n<td width=\"276\"><strong>Color del cable<\/strong><\/td>\n<td width=\"893\"><strong>Negro<\/strong><\/td>\n<\/tr>\n<tr>\n<td width=\"276\"><strong>Materiales para cables<\/strong><\/td>\n<td width=\"893\"><strong>Tensi\u00f3n del alambre denier amarillo<\/strong><\/td>\n<\/tr>\n<tr>\n<td width=\"276\"><strong>Capacidad de la bater\u00eda<\/strong><\/td>\n<td width=\"893\"><strong>7,4V 2600mAh<\/strong><\/td>\n<\/tr>\n<tr>\n<td width=\"276\"><strong>Luces LED<\/strong><\/td>\n<td width=\"893\"><strong>8 luces infrarrojas<\/strong><\/td>\n<\/tr>\n<tr>\n<td width=\"276\"><strong>\u00c1ngulo de visi\u00f3n de la c\u00e1mara<\/strong><\/td>\n<td width=\"893\"><strong>130\u00b0<\/strong><\/td>\n<\/tr>\n<\/tbody>\n<\/table>","protected":false},"excerpt":{"rendered":"<p><strong>4.3\u2033 Pantalla IPS, Buscador de Pesca en Hielo, C\u00e1mara de Pesca Submarina Port\u00e1til.<\/strong><\/p>\n<p><strong>Modelo N\u00ba: TH110-7HBS<\/strong><\/p>\n<p><strong>Buscador de peces de pesca en hielo, monitor impermeable port\u00e1til, c\u00e1mara de peces, 15M\/30M\/40M\/50M cable wh<\/strong>anguila<\/p>","protected":false},"featured_media":758,"comment_status":"open","ping_status":"closed","template":"","meta":{"site-sidebar-layout":"default","site-content-layout":"","ast-site-content-layout":"default","site-content-style":"default","site-sidebar-style":"default","ast-global-header-display":"","ast-banner-title-visibility":"","ast-main-header-display":"","ast-hfb-above-header-display":"","ast-hfb-below-header-display":"","ast-hfb-mobile-header-display":"","site-post-title":"","ast-breadcrumbs-content":"","ast-featured-img":"","footer-sml-layout":"","theme-transparent-header-meta":"default","adv-header-id-meta":"","stick-header-meta":"","header-above-stick-meta":"","header-main-stick-meta":"","header-below-stick-meta":"","astra-migrate-meta-layouts":"set","ast-page-background-enabled":"default","ast-page-background-meta":{"desktop":{"background-color":"var(--ast-global-color-4)","background-image":"","background-repeat":"repeat","background-position":"center center","background-size":"auto","background-attachment":"scroll","background-type":"","background-media":"","overlay-type":"","overlay-color":"","overlay-opacity":"","overlay-gradient":""},"tablet":{"background-color":"","background-image":"","background-repeat":"repeat","background-position":"center center","background-size":"auto","background-attachment":"scroll","background-type":"","background-media":"","overlay-type":"","overlay-color":"","overlay-opacity":"","overlay-gradient":""},"mobile":{"background-color":"","background-image":"","background-repeat":"repeat","background-position":"center center","background-size":"auto","background-attachment":"scroll","background-type":"","background-media":"","overlay-type":"","overlay-color":"","overlay-opacity":"","overlay-gradient":""}},"ast-content-background-meta":{"desktop":{"background-color":"var(--ast-global-color-5)","background-image":"","background-repeat":"repeat","background-position":"center center","background-size":"auto","background-attachment":"scroll","background-type":"","background-media":"","overlay-type":"","overlay-color":"","overlay-opacity":"","overlay-gradient":""},"tablet":{"background-color":"var(--ast-global-color-5)","background-image":"","background-repeat":"repeat","background-position":"center center","background-size":"auto","background-attachment":"scroll","background-type":"","background-media":"","overlay-type":"","overlay-color":"","overlay-opacity":"","overlay-gradient":""},"mobile":{"background-color":"var(--ast-global-color-5)","background-image":"","background-repeat":"repeat","background-position":"center center","background-size":"auto","background-attachment":"scroll","background-type":"","background-media":"","overlay-type":"","overlay-color":"","overlay-opacity":"","overlay-gradient":""}}},"product_brand":[],"product_cat":[44],"product_tag":[],"class_list":{"0":"post-757","1":"product","2":"type-product","3":"status-publish","4":"has-post-thumbnail","6":"product_cat-submersible-fishing-camera","7":"desktop-align-center","8":"tablet-align-center","9":"mobile-align-center","11":"first","12":"instock","13":"shipping-taxable","14":"product-type-simple"},"_links":{"self":[{"href":"https:\/\/techmagis.com\/es\/wp-json\/wp\/v2\/product\/757","targetHints":{"allow":["GET"]}}],"collection":[{"href":"https:\/\/techmagis.com\/es\/wp-json\/wp\/v2\/product"}],"about":[{"href":"https:\/\/techmagis.com\/es\/wp-json\/wp\/v2\/types\/product"}],"replies":[{"embeddable":true,"href":"https:\/\/techmagis.com\/es\/wp-json\/wp\/v2\/comments?post=757"}],"wp:featuredmedia":[{"embeddable":true,"href":"https:\/\/techmagis.com\/es\/wp-json\/wp\/v2\/media\/758"}],"wp:attachment":[{"href":"https:\/\/techmagis.com\/es\/wp-json\/wp\/v2\/media?parent=757"}],"wp:term":[{"taxonomy":"product_brand","embeddable":true,"href":"https:\/\/techmagis.com\/es\/wp-json\/wp\/v2\/product_brand?post=757"},{"taxonomy":"product_cat","embeddable":true,"href":"https:\/\/techmagis.com\/es\/wp-json\/wp\/v2\/product_cat?post=757"},{"taxonomy":"product_tag","embeddable":true,"href":"https:\/\/techmagis.com\/es\/wp-json\/wp\/v2\/product_tag?post=757"}],"curies":[{"name":"wp","href":"https:\/\/api.w.org\/{rel}","templated":true}]}}