{"id":748,"date":"2025-07-22T05:00:44","date_gmt":"2025-07-22T05:00:44","guid":{"rendered":"https:\/\/techmagis.com\/?post_type=product&#038;p=748"},"modified":"2025-07-22T05:00:45","modified_gmt":"2025-07-22T05:00:45","slug":"7hes-ice-fishing-camera","status":"publish","type":"product","link":"https:\/\/techmagis.com\/es\/producto\/7hes-ice-fishing-camera\/","title":{"rendered":"7HES-C\u00e1mara de pesca en hielo"},"content":{"rendered":"<p><strong><b>Par\u00e1metros t\u00e9cnicos<\/b><\/strong><\/p>\n<table>\n<tbody>\n<tr>\n<td width=\"250\"><strong><b>Par\u00e1metro<\/b><\/strong><\/td>\n<td width=\"919\"><strong><b>Detalles<\/b><\/strong><\/td>\n<\/tr>\n<tr>\n<td width=\"250\"><strong><b>Dimensiones de la c\u00e1mara<\/b><\/strong><\/td>\n<td width=\"919\">23mm\u00d735mm\uff08Carcasa de aleaci\u00f3n de aluminio de alta resistencia\uff09<\/td>\n<\/tr>\n<tr>\n<td width=\"250\"><strong><b>P\u00edxel de la c\u00e1mara<\/b><\/strong><\/td>\n<td width=\"919\">1000TVL<\/td>\n<\/tr>\n<tr>\n<td width=\"250\"><strong><b>Grado de impermeabilidad<\/b><\/strong><\/td>\n<td width=\"919\">IP68<\/td>\n<\/tr>\n<tr>\n<td width=\"250\"><strong><b>\u00c1ngulo de visi\u00f3n<\/b><\/strong><\/td>\n<td width=\"919\">130\u00b0<\/td>\n<\/tr>\n<tr>\n<td width=\"250\"><strong><b>Mostrar<\/b><\/strong><\/td>\n<td width=\"919\">Pantalla LCD HD en color de 7<\/td>\n<\/tr>\n<tr>\n<td width=\"250\"><strong><b>Resoluci\u00f3n de pantalla<\/b><\/strong><\/td>\n<td width=\"919\">1024\u00d7600<\/td>\n<\/tr>\n<tr>\n<td width=\"250\"><strong><b>Funci\u00f3n DVR<\/b><\/strong><\/td>\n<td width=\"919\">Opcional\uff08Formato de v\u00eddeo AVI, resoluci\u00f3n de grabaci\u00f3n 720\u00d7576\uff09<\/td>\n<\/tr>\n<tr>\n<td width=\"250\"><strong><b>Almacenamiento<\/b><\/strong><\/td>\n<td width=\"919\">Tarjeta de memoria est\u00e1ndar de 8G\uff08Preinstalada\uff09<\/td>\n<\/tr>\n<tr>\n<td width=\"250\"><strong><b>Bater\u00eda<\/b><\/strong><\/td>\n<td width=\"919\">Bater\u00eda de iones de litio de 4000 mAh integrada<\/td>\n<\/tr>\n<tr>\n<td width=\"250\"><strong><b>Tiempo de trabajo continuo<\/b><\/strong><\/td>\n<td width=\"919\">4-6 horas<\/td>\n<\/tr>\n<\/tbody>\n<\/table>\n<p>&nbsp;<\/p>","protected":false},"excerpt":{"rendered":"<p>Pantalla HD de 7\", C\u00e1mara para pesca en hielo, C\u00e1mara para ca\u00f1a de pescar, C\u00e1mara subacu\u00e1tica.<\/p>\n<p><strong><b>Modelo N\u00ba: TH<\/b><\/strong>110-7HES<\/p>\n<p>C\u00e1mara para pesca en hielo, C\u00e1mara para ca\u00f1a de pescar, C\u00e1mara subacu\u00e1tica.<\/p>\n<p><strong><b>Resumen del producto:<\/b><\/strong><\/p>\n<p>C\u00e1mara de 23 mm<\/p>\n<p>Pantalla HD en color de 7<\/p>\n<p>DVR opcional, captura de im\u00e1genes, grabaci\u00f3n de v\u00eddeo, almacenamiento de archivos.<\/p>\n<p>8 luces IR<\/p>\n<p>Di\u00e1metro del cable: 1,55 mm, parasol de libre extracci\u00f3n.<\/p>\n<p>Puerto de carga Tipo-C<\/p>","protected":false},"featured_media":749,"comment_status":"open","ping_status":"closed","template":"","meta":{"site-sidebar-layout":"default","site-content-layout":"","ast-site-content-layout":"default","site-content-style":"default","site-sidebar-style":"default","ast-global-header-display":"","ast-banner-title-visibility":"","ast-main-header-display":"","ast-hfb-above-header-display":"","ast-hfb-below-header-display":"","ast-hfb-mobile-header-display":"","site-post-title":"","ast-breadcrumbs-content":"","ast-featured-img":"","footer-sml-layout":"","theme-transparent-header-meta":"default","adv-header-id-meta":"","stick-header-meta":"","header-above-stick-meta":"","header-main-stick-meta":"","header-below-stick-meta":"","astra-migrate-meta-layouts":"set","ast-page-background-enabled":"default","ast-page-background-meta":{"desktop":{"background-color":"var(--ast-global-color-4)","background-image":"","background-repeat":"repeat","background-position":"center center","background-size":"auto","background-attachment":"scroll","background-type":"","background-media":"","overlay-type":"","overlay-color":"","overlay-opacity":"","overlay-gradient":""},"tablet":{"background-color":"","background-image":"","background-repeat":"repeat","background-position":"center center","background-size":"auto","background-attachment":"scroll","background-type":"","background-media":"","overlay-type":"","overlay-color":"","overlay-opacity":"","overlay-gradient":""},"mobile":{"background-color":"","background-image":"","background-repeat":"repeat","background-position":"center center","background-size":"auto","background-attachment":"scroll","background-type":"","background-media":"","overlay-type":"","overlay-color":"","overlay-opacity":"","overlay-gradient":""}},"ast-content-background-meta":{"desktop":{"background-color":"var(--ast-global-color-5)","background-image":"","background-repeat":"repeat","background-position":"center center","background-size":"auto","background-attachment":"scroll","background-type":"","background-media":"","overlay-type":"","overlay-color":"","overlay-opacity":"","overlay-gradient":""},"tablet":{"background-color":"var(--ast-global-color-5)","background-image":"","background-repeat":"repeat","background-position":"center center","background-size":"auto","background-attachment":"scroll","background-type":"","background-media":"","overlay-type":"","overlay-color":"","overlay-opacity":"","overlay-gradient":""},"mobile":{"background-color":"var(--ast-global-color-5)","background-image":"","background-repeat":"repeat","background-position":"center center","background-size":"auto","background-attachment":"scroll","background-type":"","background-media":"","overlay-type":"","overlay-color":"","overlay-opacity":"","overlay-gradient":""}}},"product_brand":[],"product_cat":[44],"product_tag":[],"class_list":{"0":"post-748","1":"product","2":"type-product","3":"status-publish","4":"has-post-thumbnail","6":"product_cat-submersible-fishing-camera","7":"desktop-align-center","8":"tablet-align-center","9":"mobile-align-center","11":"first","12":"instock","13":"shipping-taxable","14":"product-type-simple"},"_links":{"self":[{"href":"https:\/\/techmagis.com\/es\/wp-json\/wp\/v2\/product\/748","targetHints":{"allow":["GET"]}}],"collection":[{"href":"https:\/\/techmagis.com\/es\/wp-json\/wp\/v2\/product"}],"about":[{"href":"https:\/\/techmagis.com\/es\/wp-json\/wp\/v2\/types\/product"}],"replies":[{"embeddable":true,"href":"https:\/\/techmagis.com\/es\/wp-json\/wp\/v2\/comments?post=748"}],"wp:featuredmedia":[{"embeddable":true,"href":"https:\/\/techmagis.com\/es\/wp-json\/wp\/v2\/media\/749"}],"wp:attachment":[{"href":"https:\/\/techmagis.com\/es\/wp-json\/wp\/v2\/media?parent=748"}],"wp:term":[{"taxonomy":"product_brand","embeddable":true,"href":"https:\/\/techmagis.com\/es\/wp-json\/wp\/v2\/product_brand?post=748"},{"taxonomy":"product_cat","embeddable":true,"href":"https:\/\/techmagis.com\/es\/wp-json\/wp\/v2\/product_cat?post=748"},{"taxonomy":"product_tag","embeddable":true,"href":"https:\/\/techmagis.com\/es\/wp-json\/wp\/v2\/product_tag?post=748"}],"curies":[{"name":"wp","href":"https:\/\/api.w.org\/{rel}","templated":true}]}}