{"id":811,"date":"2025-07-22T05:37:25","date_gmt":"2025-07-22T05:37:25","guid":{"rendered":"https:\/\/techmagis.com\/?post_type=product&#038;p=811"},"modified":"2025-07-22T05:37:25","modified_gmt":"2025-07-22T05:37:25","slug":"10gya2-drain-pipe-inspection-camera","status":"publish","type":"product","link":"https:\/\/techmagis.com\/de\/produkt\/10gya2-drain-pipe-inspection-camera\/","title":{"rendered":"10GYA2-Inspektionskamera f\u00fcr Abflussrohre"},"content":{"rendered":"<p><strong>Technische Parameter<\/strong><\/p>\n<table>\n<tbody>\n<tr>\n<td width=\"137\"><strong>Parameter<\/strong><\/td>\n<td width=\"1032\"><strong>Einzelheiten<\/strong><\/td>\n<\/tr>\n<tr>\n<td width=\"137\"><strong>512HZ-Sender<\/strong><\/td>\n<td width=\"1032\"><strong>Nicht verf\u00fcgbar<\/strong><\/td>\n<\/tr>\n<tr>\n<td width=\"137\"><strong>512HZ-Suchger\u00e4t<\/strong><\/td>\n<td width=\"1032\"><strong>Nicht verf\u00fcgbar<\/strong><\/td>\n<\/tr>\n<tr>\n<td width=\"137\"><strong>Bildschirmgr\u00f6\u00dfe<\/strong><\/td>\n<td width=\"1032\"><strong>10&#8221;<\/strong><\/td>\n<\/tr>\n<tr>\n<td width=\"137\"><strong>Bildschirmaufl\u00f6sung<\/strong><\/td>\n<td width=\"1032\"><strong>1024\u00d7600<\/strong><\/td>\n<\/tr>\n<tr>\n<td width=\"137\"><strong>Speicherkarte<\/strong><\/td>\n<td width=\"1032\"><strong>MAX 128G<\/strong><\/td>\n<\/tr>\n<tr>\n<td width=\"137\"><strong>L\u00e4nge des Kabels<\/strong><\/td>\n<td width=\"1032\"><strong>60M<\/strong><\/td>\n<\/tr>\n<tr>\n<td width=\"137\"><strong>Kabel-Durchmesser<\/strong><\/td>\n<td width=\"1032\"><strong>7MM<\/strong><\/td>\n<\/tr>\n<tr>\n<td width=\"137\"><strong>Kabel Farben<\/strong><\/td>\n<td width=\"1032\"><strong>Rot, Gelb, Blau (optional)<\/strong><\/td>\n<\/tr>\n<tr>\n<td width=\"137\"><strong>Kabel-Materialien<\/strong><\/td>\n<td width=\"1032\"><strong>Fiberglas<\/strong><\/td>\n<\/tr>\n<tr>\n<td width=\"137\"><strong>Selbstnivellierend<\/strong><\/td>\n<td width=\"1032\"><strong>Nicht verf\u00fcgbar<\/strong><\/td>\n<\/tr>\n<tr>\n<td width=\"137\"><strong>Kapazit\u00e4t des Akkupacks<\/strong><\/td>\n<td width=\"1032\"><strong>4500mAh<\/strong><\/td>\n<\/tr>\n<tr>\n<td width=\"137\"><strong>Z\u00e4hlerstand<\/strong><\/td>\n<td width=\"1032\"><strong>Optional<\/strong><\/td>\n<\/tr>\n<tr>\n<td width=\"137\"><strong>LED-Leuchten<\/strong><\/td>\n<td width=\"1032\"><strong>6 Stk. wei\u00dfe Lichter<\/strong><\/td>\n<\/tr>\n<tr>\n<td width=\"137\"><strong>Betrachtungswinkel der Kamera<\/strong><\/td>\n<td width=\"1032\"><strong>Horizontal 360\u00b0 Vertikal 180\u00b0 zoombar, 60\u00b0 Betrachtungswinkel<\/strong><\/td>\n<\/tr>\n<tr>\n<td width=\"137\"><strong>Gr\u00f6\u00dfe des Kamerakopfes<\/strong><\/td>\n<td width=\"1032\"><strong>40mm x 125mm<\/strong><\/td>\n<\/tr>\n<tr>\n<td width=\"137\"><strong>Material des Kameraobjektivs<\/strong><\/td>\n<td width=\"1032\"><strong>Hochfeste, oxidierte Aluminiumlegierung<\/strong><\/td>\n<\/tr>\n<tr>\n<td width=\"137\"><strong>Kamera-Pixel<\/strong><\/td>\n<td width=\"1032\"><strong>2 Megapixel<\/strong><\/td>\n<\/tr>\n<tr>\n<td width=\"137\"><strong>DVR-Funktion<\/strong><\/td>\n<td width=\"1032\"><strong>Optional<\/strong><\/td>\n<\/tr>\n<tr>\n<td width=\"137\"><strong>Ausgabeformat<\/strong><\/td>\n<td width=\"1032\"><strong>AVI, JPG<\/strong><\/td>\n<\/tr>\n<tr>\n<td width=\"137\"><strong>Datenanschluss<\/strong><\/td>\n<td width=\"1032\"><strong>Steckplatz f\u00fcr Speicherkarten<\/strong><\/td>\n<\/tr>\n<tr>\n<td width=\"137\"><strong>Wasserdicht<\/strong><\/td>\n<td width=\"1032\"><strong>IP68<\/strong><\/td>\n<\/tr>\n<tr>\n<td width=\"137\"><strong>Arbeitstemperatur<\/strong><\/td>\n<td width=\"1032\"><strong>-10\u00b0C-50\u00b0C<\/strong><\/td>\n<\/tr>\n<tr>\n<td width=\"137\"><strong>Materialien f\u00fcr Trommelr\u00e4der<\/strong><\/td>\n<td width=\"1032\"><strong>Rostfreie St\u00e4hle<\/strong><\/td>\n<\/tr>\n<tr>\n<td width=\"137\"><strong>Box Materialien<\/strong><\/td>\n<td width=\"1032\"><strong>ABS-Technik-Box<\/strong><\/td>\n<\/tr>\n<\/tbody>\n<\/table>\n<p>&nbsp;<\/p>","protected":false},"excerpt":{"rendered":"<p><strong>10 Zoll Bildschirm Abflussrohr Kanalisation Pipeline Inspektion Kamera, 40mm Kamera, Horizontal 360\u00b0 Vertikal 180\u00b0 zoombar, 60\u00b0 Blickwinkel.<\/strong><\/p>\n<p><strong>Modell-Nr.: TH110-10GYA2<\/strong><br \/>\n<strong>Bildschirmgr\u00f6\u00dfe: 10 Zoll<\/strong><br \/>\n<strong>Kamera Gr\u00f6\u00dfe: \u00d840x125mm<\/strong><br \/>\n<strong>Kabeltrommel: 60m-90m<\/strong><br \/>\n<strong>Kabeldurchmesser: 7mm<\/strong><br \/>\n<strong>Stromversorgung: 4500mAh<\/strong><br \/>\n<strong>Anwendungen: Rohrinspektion<\/strong><\/p>\n<p><strong>10 Zoll Bildschirm Abflussrohr Kanalisation Rohrleitung Inspektion Kamera, 40mm Kamera, Horizontal 360\u00b0 Vertikal 180\u00b0 zoombar, 60\u00b0 Betrachtungswinkel. Stand Reel mit Engineering Case.<\/strong><\/p>","protected":false},"featured_media":812,"comment_status":"open","ping_status":"closed","template":"","meta":{"site-sidebar-layout":"default","site-content-layout":"","ast-site-content-layout":"default","site-content-style":"default","site-sidebar-style":"default","ast-global-header-display":"","ast-banner-title-visibility":"","ast-main-header-display":"","ast-hfb-above-header-display":"","ast-hfb-below-header-display":"","ast-hfb-mobile-header-display":"","site-post-title":"","ast-breadcrumbs-content":"","ast-featured-img":"","footer-sml-layout":"","theme-transparent-header-meta":"default","adv-header-id-meta":"","stick-header-meta":"","header-above-stick-meta":"","header-main-stick-meta":"","header-below-stick-meta":"","astra-migrate-meta-layouts":"set","ast-page-background-enabled":"default","ast-page-background-meta":{"desktop":{"background-color":"var(--ast-global-color-4)","background-image":"","background-repeat":"repeat","background-position":"center center","background-size":"auto","background-attachment":"scroll","background-type":"","background-media":"","overlay-type":"","overlay-color":"","overlay-opacity":"","overlay-gradient":""},"tablet":{"background-color":"","background-image":"","background-repeat":"repeat","background-position":"center center","background-size":"auto","background-attachment":"scroll","background-type":"","background-media":"","overlay-type":"","overlay-color":"","overlay-opacity":"","overlay-gradient":""},"mobile":{"background-color":"","background-image":"","background-repeat":"repeat","background-position":"center center","background-size":"auto","background-attachment":"scroll","background-type":"","background-media":"","overlay-type":"","overlay-color":"","overlay-opacity":"","overlay-gradient":""}},"ast-content-background-meta":{"desktop":{"background-color":"var(--ast-global-color-5)","background-image":"","background-repeat":"repeat","background-position":"center center","background-size":"auto","background-attachment":"scroll","background-type":"","background-media":"","overlay-type":"","overlay-color":"","overlay-opacity":"","overlay-gradient":""},"tablet":{"background-color":"var(--ast-global-color-5)","background-image":"","background-repeat":"repeat","background-position":"center center","background-size":"auto","background-attachment":"scroll","background-type":"","background-media":"","overlay-type":"","overlay-color":"","overlay-opacity":"","overlay-gradient":""},"mobile":{"background-color":"var(--ast-global-color-5)","background-image":"","background-repeat":"repeat","background-position":"center center","background-size":"auto","background-attachment":"scroll","background-type":"","background-media":"","overlay-type":"","overlay-color":"","overlay-opacity":"","overlay-gradient":""}}},"product_brand":[],"product_cat":[47],"product_tag":[],"class_list":{"0":"post-811","1":"product","2":"type-product","3":"status-publish","4":"has-post-thumbnail","6":"product_cat-sewer-pipe-camera","7":"desktop-align-center","8":"tablet-align-center","9":"mobile-align-center","11":"first","12":"instock","13":"shipping-taxable","14":"product-type-simple"},"_links":{"self":[{"href":"https:\/\/techmagis.com\/de\/wp-json\/wp\/v2\/product\/811","targetHints":{"allow":["GET"]}}],"collection":[{"href":"https:\/\/techmagis.com\/de\/wp-json\/wp\/v2\/product"}],"about":[{"href":"https:\/\/techmagis.com\/de\/wp-json\/wp\/v2\/types\/product"}],"replies":[{"embeddable":true,"href":"https:\/\/techmagis.com\/de\/wp-json\/wp\/v2\/comments?post=811"}],"wp:featuredmedia":[{"embeddable":true,"href":"https:\/\/techmagis.com\/de\/wp-json\/wp\/v2\/media\/812"}],"wp:attachment":[{"href":"https:\/\/techmagis.com\/de\/wp-json\/wp\/v2\/media?parent=811"}],"wp:term":[{"taxonomy":"product_brand","embeddable":true,"href":"https:\/\/techmagis.com\/de\/wp-json\/wp\/v2\/product_brand?post=811"},{"taxonomy":"product_cat","embeddable":true,"href":"https:\/\/techmagis.com\/de\/wp-json\/wp\/v2\/product_cat?post=811"},{"taxonomy":"product_tag","embeddable":true,"href":"https:\/\/techmagis.com\/de\/wp-json\/wp\/v2\/product_tag?post=811"}],"curies":[{"name":"wp","href":"https:\/\/api.w.org\/{rel}","templated":true}]}}