{"id":803,"date":"2025-07-22T05:34:15","date_gmt":"2025-07-22T05:34:15","guid":{"rendered":"https:\/\/techmagis.com\/?post_type=product&#038;p=803"},"modified":"2025-07-22T05:34:15","modified_gmt":"2025-07-22T05:34:15","slug":"10zya2-pipe-inspection-camera","status":"publish","type":"product","link":"https:\/\/techmagis.com\/de\/produkt\/10zya2-pipe-inspection-camera\/","title":{"rendered":"10ZYA2-Rohrinspektionskamera"},"content":{"rendered":"<p><strong>Produkt\u00fcbersicht<\/strong><\/p>\n<p><strong>HD-Kamera mit 40 mm Durchmesser<\/strong><\/p>\n<p><strong>10\" HD-Farbdisplay<\/strong><\/p>\n<p><strong>Ausgestattet mit DVR f\u00fcr Fotoaufnahmen,<\/strong><\/p>\n<p><strong>Videoaufzeichnung und Datenspeicherung.<\/strong><\/p>\n<p><strong>Abnehmbares gro\u00dfes Kabelrad mit Plattform,<\/strong><\/p>\n<p><strong>und mit digitalen Wegstreckenz\u00e4hlern.<\/strong><\/p>\n<p><strong>Ausgestattet mit kabelgebundener USB-Tastatur und Monitorplattform.<\/strong><\/p>\n<p><strong>Glasfaserkabel mit einem Durchmesser von 7 mm, die L\u00e4nge kann individuell angepasst werden.<\/strong><\/p>\n<p><strong>Technische Parameter<\/strong><\/p>\n<p><strong>\u00a0<\/strong><\/p>\n<table>\n<tbody>\n<tr>\n<td width=\"143\"><strong>Parameter<\/strong><\/td>\n<td width=\"1026\"><strong>Einzelheiten<\/strong><\/td>\n<\/tr>\n<tr>\n<td width=\"143\"><strong>Abmessungen der Kamera<\/strong><\/td>\n<td width=\"1026\"><strong>40\u00d7125mm\uff08Hochfeste oxidierte Aluminiumlegierung\uff09<\/strong><\/td>\n<\/tr>\n<tr>\n<td width=\"143\"><strong>Kamera-Pixel<\/strong><\/td>\n<td width=\"1026\"><strong>AHD 2 Megapixel<\/strong><\/td>\n<\/tr>\n<tr>\n<td width=\"143\"><strong>Wasserdichte Bewertung<\/strong><\/td>\n<td width=\"1026\"><strong>IP68<\/strong><\/td>\n<\/tr>\n<tr>\n<td width=\"143\"><strong>Betrachtungswinkel<\/strong><\/td>\n<td width=\"1026\"><strong>Horizontale 360\u00b0-Drehung + vertikale 180\u00b0-Drehung, zoombar<\/strong><\/td>\n<\/tr>\n<tr>\n<td width=\"143\"><strong>LED-Leuchten<\/strong><\/td>\n<td width=\"1026\"><strong>6 LEDs mit hoher Helligkeit<\/strong><\/td>\n<\/tr>\n<tr>\n<td width=\"143\"><strong>Anzeige<\/strong><\/td>\n<td width=\"1026\"><strong>10\" HD-LCD-Farbbildschirm<\/strong><\/td>\n<\/tr>\n<tr>\n<td width=\"143\"><strong>Display-Aufl\u00f6sung<\/strong><\/td>\n<td width=\"1026\"><strong>1024\u00d7600<\/strong><\/td>\n<\/tr>\n<tr>\n<td width=\"143\"><strong>DVR-System<\/strong><\/td>\n<td width=\"1026\"><strong>MP4-Videoformat, Aufl\u00f6sung 1920\u00d71080<\/strong><\/td>\n<\/tr>\n<tr>\n<td width=\"143\"><strong>Lagerung<\/strong><\/td>\n<td width=\"1026\"><strong>Standard 8G Speicherkarte (MAX 128G)<\/strong><\/td>\n<\/tr>\n<tr>\n<td width=\"143\"><strong>Batterie<\/strong><\/td>\n<td width=\"1026\"><strong>Eingebauter 10000mAh Lithium-Ionen-Akku<\/strong><\/td>\n<\/tr>\n<\/tbody>\n<\/table>","protected":false},"excerpt":{"rendered":"<p><strong>10-Zoll-HD-Farbdisplay, HD-Kamera mit 40 mm Durchmesser, DVR, Foto- und Videoaufzeichnung und Datenspeicherung. Unterst\u00fctzung f\u00fcr kabelgebundene USB-Tastatur und Monitor.<\/strong><br \/>\n<strong>Modell-Nr.: TH110-10ZYA2<\/strong><\/p>\n<p><strong>10-Zoll-HD-Farbdisplay, DVR, Foto- und Videoaufzeichnung und Datenspeicherung. Handbet\u00e4tigte Kabeltrommel und digitaler Entfernungsz\u00e4hler. Unterst\u00fctzung f\u00fcr kabelgebundene USB-Tastatur und -Monitor.<\/strong><\/p>","protected":false},"featured_media":804,"comment_status":"open","ping_status":"closed","template":"","meta":{"site-sidebar-layout":"default","site-content-layout":"","ast-site-content-layout":"default","site-content-style":"default","site-sidebar-style":"default","ast-global-header-display":"","ast-banner-title-visibility":"","ast-main-header-display":"","ast-hfb-above-header-display":"","ast-hfb-below-header-display":"","ast-hfb-mobile-header-display":"","site-post-title":"","ast-breadcrumbs-content":"","ast-featured-img":"","footer-sml-layout":"","theme-transparent-header-meta":"default","adv-header-id-meta":"","stick-header-meta":"","header-above-stick-meta":"","header-main-stick-meta":"","header-below-stick-meta":"","astra-migrate-meta-layouts":"set","ast-page-background-enabled":"default","ast-page-background-meta":{"desktop":{"background-color":"var(--ast-global-color-4)","background-image":"","background-repeat":"repeat","background-position":"center center","background-size":"auto","background-attachment":"scroll","background-type":"","background-media":"","overlay-type":"","overlay-color":"","overlay-opacity":"","overlay-gradient":""},"tablet":{"background-color":"","background-image":"","background-repeat":"repeat","background-position":"center center","background-size":"auto","background-attachment":"scroll","background-type":"","background-media":"","overlay-type":"","overlay-color":"","overlay-opacity":"","overlay-gradient":""},"mobile":{"background-color":"","background-image":"","background-repeat":"repeat","background-position":"center center","background-size":"auto","background-attachment":"scroll","background-type":"","background-media":"","overlay-type":"","overlay-color":"","overlay-opacity":"","overlay-gradient":""}},"ast-content-background-meta":{"desktop":{"background-color":"var(--ast-global-color-5)","background-image":"","background-repeat":"repeat","background-position":"center center","background-size":"auto","background-attachment":"scroll","background-type":"","background-media":"","overlay-type":"","overlay-color":"","overlay-opacity":"","overlay-gradient":""},"tablet":{"background-color":"var(--ast-global-color-5)","background-image":"","background-repeat":"repeat","background-position":"center center","background-size":"auto","background-attachment":"scroll","background-type":"","background-media":"","overlay-type":"","overlay-color":"","overlay-opacity":"","overlay-gradient":""},"mobile":{"background-color":"var(--ast-global-color-5)","background-image":"","background-repeat":"repeat","background-position":"center center","background-size":"auto","background-attachment":"scroll","background-type":"","background-media":"","overlay-type":"","overlay-color":"","overlay-opacity":"","overlay-gradient":""}}},"product_brand":[],"product_cat":[47],"product_tag":[],"class_list":{"0":"post-803","1":"product","2":"type-product","3":"status-publish","4":"has-post-thumbnail","6":"product_cat-sewer-pipe-camera","7":"desktop-align-center","8":"tablet-align-center","9":"mobile-align-center","11":"first","12":"instock","13":"shipping-taxable","14":"product-type-simple"},"_links":{"self":[{"href":"https:\/\/techmagis.com\/de\/wp-json\/wp\/v2\/product\/803","targetHints":{"allow":["GET"]}}],"collection":[{"href":"https:\/\/techmagis.com\/de\/wp-json\/wp\/v2\/product"}],"about":[{"href":"https:\/\/techmagis.com\/de\/wp-json\/wp\/v2\/types\/product"}],"replies":[{"embeddable":true,"href":"https:\/\/techmagis.com\/de\/wp-json\/wp\/v2\/comments?post=803"}],"wp:featuredmedia":[{"embeddable":true,"href":"https:\/\/techmagis.com\/de\/wp-json\/wp\/v2\/media\/804"}],"wp:attachment":[{"href":"https:\/\/techmagis.com\/de\/wp-json\/wp\/v2\/media?parent=803"}],"wp:term":[{"taxonomy":"product_brand","embeddable":true,"href":"https:\/\/techmagis.com\/de\/wp-json\/wp\/v2\/product_brand?post=803"},{"taxonomy":"product_cat","embeddable":true,"href":"https:\/\/techmagis.com\/de\/wp-json\/wp\/v2\/product_cat?post=803"},{"taxonomy":"product_tag","embeddable":true,"href":"https:\/\/techmagis.com\/de\/wp-json\/wp\/v2\/product_tag?post=803"}],"curies":[{"name":"wp","href":"https:\/\/api.w.org\/{rel}","templated":true}]}}